{"id":22094,"date":"2020-06-29T10:40:06","date_gmt":"2020-06-29T15:40:06","guid":{"rendered":"https:\/\/crc.umontreal.ca\/?page_id=22094"},"modified":"2023-08-06T08:44:49","modified_gmt":"2023-08-06T13:44:49","slug":"premier-cycle","status":"publish","type":"page","link":"https:\/\/crc.umontreal.ca\/en\/premier-cycle\/","title":{"rendered":"Premier Cycle"},"content":{"rendered":"<div class=\"wpb-content-wrapper\"><p>[vc_row][vc_column][vc_column_text]<\/p>\n<h1>BACCALAUR\u00c9AT EN ARCHITECTURE (1er Cycle)<\/h1>\n<p>[\/vc_column_text][\/vc_column][\/vc_row][vc_row][vc_column][vc_column_text]<\/p>\n<h2>ARC2104-TH\u00c9ORIES DU PROJET ARCHITECTURAL<\/h2>\n<div>\n<p class=\"Texte\"><b>Introduction aux enjeux disciplinaires contemporains mettant l\u2019emphase sur l\u2019histoire des relations entre les pratiques du projet et les discours th\u00e9oriques en architecture.<\/b><\/p>\n<\/div>\n<div>\n<p class=\"Texte\"><b>Comparaison des dimensions critiques et op\u00e9ratoires des th\u00e9ories du projet architectural.<\/b><\/p>\n<\/div>\n<div>\n<p class=\"Texte\">Ce cours s\u2019inscrit en compl\u00e9ment et en prolongement des cours d\u2019introduction \u00e0 l\u2019histoire de l\u2019architecture et d\u2019histoire de l\u2019architecture moderne. Bien que les \u00e9tudiants suivant le cursus normal du baccalaur\u00e9at aient d\u00e9j\u00e0 \u00e9t\u00e9 confront\u00e9s \u00e0 diverses notions th\u00e9oriques dans les ateliers d\u2019architecture, ces invitations \u00e0 r\u00e9fl\u00e9chir \u00e9taient g\u00e9n\u00e9ralement soumises aux al\u00e9as et aux imp\u00e9ratifs de la conception et de la th\u00e9matique du projet \u00e0 \u00e9laborer, la th\u00e9orie pouvant appara\u00eetre comme une sorte de compl\u00e9ment discursif au projet, comme une \u00ab\u00a0explication\u00a0\u00bb ou une \u00ab\u00a0justification\u00a0\u00bb du projet.<\/p>\n<\/div>\n<div>\n<p class=\"Texte\">Il sera cette fois question de proposer une approche \u00e0 la fois th\u00e9orique et r\u00e9flexive permettant de distinguer ce qui rel\u00e8ve d\u2019une pratique du projet, de ce qui constitue une v\u00e9ritable \u00ab\u00a0pens\u00e9e du projet\u00a0\u00bb propice \u00e0 la th\u00e9orisation. Nous aborderons les th\u00e9ories dans leur diversit\u00e9, sans a priori doctrinal, mais nous ne consid\u00e8rerons pas la th\u00e9orie comme un simple r\u00e9servoir de doctrines ou d\u2019id\u00e9es directement applicables dans un projet. Il ne sera pas non plus question d\u2019esquiver la dimension op\u00e9ratoire de certains grands concepts en architecture, mais la d\u00e9finition m\u00eame de concept ou de principe architectural devra pour cela faire r\u00e9guli\u00e8rement l\u2019objet d\u2019interrogation et de critique.<\/p>\n<\/div>\n<p>[\/vc_column_text][\/vc_column][\/vc_row][vc_row][vc_column][vc_column_text]<\/p>\n<h3><a href=\"https:\/\/crc.umontreal.ca\/arc2104-travaux-hiver-2021\/\" target=\"_blank\" rel=\"noopener\"><span style=\"color: #ff0000;\"><span style=\"color: #0000ff;\">ARC2104 : \u00a0Travaux (vid\u00e9os des groupes de lecture) (hiver 2021)<\/span><\/span><\/a><\/h3>\n<p>[\/vc_column_text][\/vc_column][\/vc_row][vc_row][vc_column][vc_column_text]<div class=\"sdm_download_item \"><div class=\"sdm_download_item_top\"><div class=\"sdm_download_thumbnail\"><img decoding=\"async\" class=\"sdm_download_thumbnail_image\" src=\"https:\/\/crc.umontreal.ca\/wp-content\/uploads\/2021\/03\/ARC2104-h2021-1.png\" alt = \"ARC2104 : Plan de cours (hiver 2021)\" \/><\/div><div class=\"sdm_download_title\">ARC2104 : Plan de cours (hiver 2021)<\/div><\/div><div style=\"clear:both;\"><\/div><div class=\"sdm_download_description\"><\/div><div class=\"sdm_download_link\"><span class=\"sdm_download_button\"><a href=\"https:\/\/crc.umontreal.ca\/en\/?sdm_process_download=1&download_id=22701\" class=\"sdm_download white\" title=\"ARC2104 : Plan de cours (hiver 2021)\" target=\"_self\">.PDF<\/a><\/span><\/div><\/div><div class=\"sdm_clear_float\"><\/div>[\/vc_column_text][\/vc_column][\/vc_row][vc_row][vc_column][vc_column_text][\/vc_column_text][\/vc_column][\/vc_row][vc_row][vc_column][vc_column_text]<\/p>\n<h3><span style=\"color: #ff0000;\"><a style=\"color: #ff0000;\" href=\"https:\/\/crc.umontreal.ca\/arc2104-travaux2020\/\"><span style=\"color: #0000ff;\">ARC2104 : \u00a0Travaux (vid\u00e9os des groupes de lecture) (hiver 2020)<\/span><\/a><\/span><\/h3>\n<p>[\/vc_column_text][\/vc_column][\/vc_row][vc_row][vc_column][vc_column_text]<div class=\"sdm_download_item \"><div class=\"sdm_download_item_top\"><div class=\"sdm_download_thumbnail\"><img decoding=\"async\" class=\"sdm_download_thumbnail_image\" src=\"https:\/\/crc.umontreal.ca\/wp-content\/uploads\/2020\/06\/arc2104.png\" alt = \"ARC2104 : Plan de cours (hiver 2020)\" \/><\/div><div class=\"sdm_download_title\">ARC2104 : Plan de cours (hiver 2020)<\/div><\/div><div style=\"clear:both;\"><\/div><div class=\"sdm_download_description\"><\/div><div class=\"sdm_download_link\"><span class=\"sdm_download_button\"><a href=\"https:\/\/crc.umontreal.ca\/en\/?sdm_process_download=1&download_id=22105\" class=\"sdm_download white\" title=\"ARC2104 : Plan de cours (hiver 2020)\" target=\"_self\">PDF<\/a><\/span><\/div><\/div><div class=\"sdm_clear_float\"><\/div>[\/vc_column_text][\/vc_column][\/vc_row]<\/p>\n<\/div>","protected":false},"excerpt":{"rendered":"<p>[vc_row][vc_column][vc_column_text] BACCALAUR\u00c9AT EN ARCHITECTURE (1er Cycle) [\/vc_column_text][\/vc_column][\/vc_row][vc_row][vc_column][vc_column_text] ARC2104-TH\u00c9ORIES DU PROJET ARCHITECTURAL Introduction aux enjeux disciplinaires contemporains mettant l\u2019emphase sur l\u2019histoire des relations entre les pratiques du projet et les discours th\u00e9oriques en architecture. Comparaison des dimensions critiques et op\u00e9ratoires des th\u00e9ories du projet architectural. Ce cours s\u2019inscrit en compl\u00e9ment et en prolongement des cours d\u2019introduction &#8230; <a title=\"Premier Cycle\" class=\"read-more\" href=\"https:\/\/crc.umontreal.ca\/en\/premier-cycle\/\" aria-label=\"Read more about Premier Cycle\">Read more<\/a><\/p>\n","protected":false},"author":1,"featured_media":0,"parent":0,"menu_order":0,"comment_status":"closed","ping_status":"closed","template":"","meta":{"_acf_changed":false,"footnotes":""},"class_list":["post-22094","page","type-page","status-publish"],"translation":{"provider":"WPGlobus","version":"3.0.2","language":"en","enabled_languages":["fr","en"],"languages":{"fr":{"title":true,"content":true,"excerpt":false},"en":{"title":false,"content":false,"excerpt":false}}},"acf":[],"yoast_head":"<!-- This site is optimized with the Yoast SEO plugin v25.9 - https:\/\/yoast.com\/wordpress\/plugins\/seo\/ -->\n<title>Premier Cycle - CANADA RESEARCH CHAIR IN ARCHITECTURE, COMPETITIONS and QUALITY<\/title>\n<meta name=\"robots\" content=\"index, follow, max-snippet:-1, max-image-preview:large, max-video-preview:-1\" \/>\n<link rel=\"canonical\" href=\"https:\/\/crc.umontreal.ca\/premier-cycle\/\" \/>\n<meta property=\"og:locale\" content=\"en_US\" \/>\n<meta property=\"og:type\" content=\"article\" \/>\n<meta property=\"og:title\" content=\"Premier Cycle - CANADA RESEARCH CHAIR IN ARCHITECTURE, COMPETITIONS and QUALITY\" \/>\n<meta property=\"og:url\" content=\"https:\/\/crc.umontreal.ca\/premier-cycle\/\" \/>\n<meta property=\"og:site_name\" content=\"CANADA RESEARCH CHAIR IN ARCHITECTURE, COMPETITIONS and QUALITY\" \/>\n<meta property=\"article:modified_time\" content=\"2023-08-06T13:44:49+00:00\" \/>\n<meta name=\"twitter:card\" content=\"summary_large_image\" \/>\n<meta name=\"twitter:label1\" content=\"Est. reading time\" \/>\n\t<meta name=\"twitter:data1\" content=\"2 minutes\" \/>\n<script type=\"application\/ld+json\" class=\"yoast-schema-graph\">{\"@context\":\"https:\/\/schema.org\",\"@graph\":[{\"@type\":\"WebPage\",\"@id\":\"https:\/\/crc.umontreal.ca\/premier-cycle\/\",\"url\":\"https:\/\/crc.umontreal.ca\/premier-cycle\/\",\"name\":\"Premier Cycle - CANADA RESEARCH CHAIR IN ARCHITECTURE, COMPETITIONS and QUALITY\",\"isPartOf\":{\"@id\":\"https:\/\/crc.umontreal.ca\/#website\"},\"datePublished\":\"2020-06-29T15:40:06+00:00\",\"dateModified\":\"2023-08-06T13:44:49+00:00\",\"breadcrumb\":{\"@id\":\"https:\/\/crc.umontreal.ca\/premier-cycle\/#breadcrumb\"},\"inLanguage\":\"en-US\",\"potentialAction\":[{\"@type\":\"ReadAction\",\"target\":[\"https:\/\/crc.umontreal.ca\/premier-cycle\/\"]}]},{\"@type\":\"BreadcrumbList\",\"@id\":\"https:\/\/crc.umontreal.ca\/premier-cycle\/#breadcrumb\",\"itemListElement\":[{\"@type\":\"ListItem\",\"position\":1,\"name\":\"Accueil\",\"item\":\"https:\/\/crc.umontreal.ca\/\"},{\"@type\":\"ListItem\",\"position\":2,\"name\":\"Premier Cycle\"}]},{\"@type\":\"WebSite\",\"@id\":\"https:\/\/crc.umontreal.ca\/#website\",\"url\":\"https:\/\/crc.umontreal.ca\/\",\"name\":\"%%sitedesc%%\",\"description\":\"&lt;span class=&quot;titre_entete_div&quot;&gt;Canada Research Chair in&lt;\/span&gt;&lt;br&gt;&lt;span class=&quot;titre_entete_div&quot;&gt;Architecture, Competitions and Quality (CRC-ACQUA)&lt;\/span&gt;\",\"publisher\":{\"@id\":\"https:\/\/crc.umontreal.ca\/#organization\"},\"potentialAction\":[{\"@type\":\"SearchAction\",\"target\":{\"@type\":\"EntryPoint\",\"urlTemplate\":\"https:\/\/crc.umontreal.ca\/?s={search_term_string}\"},\"query-input\":{\"@type\":\"PropertyValueSpecification\",\"valueRequired\":true,\"valueName\":\"search_term_string\"}}],\"inLanguage\":\"en-US\"},{\"@type\":\"Organization\",\"@id\":\"https:\/\/crc.umontreal.ca\/#organization\",\"name\":\"%%sitedesc%%\",\"url\":\"https:\/\/crc.umontreal.ca\/\",\"logo\":{\"@type\":\"ImageObject\",\"inLanguage\":\"en-US\",\"@id\":\"https:\/\/crc.umontreal.ca\/#\/schema\/logo\/image\/\",\"url\":\"https:\/\/crc.umontreal.ca\/wp-content\/uploads\/2025\/10\/cropped-CRC_ACQUA.png\",\"contentUrl\":\"https:\/\/crc.umontreal.ca\/wp-content\/uploads\/2025\/10\/cropped-CRC_ACQUA.png\",\"width\":1099,\"height\":1099,\"caption\":\"%%sitedesc%%\"},\"image\":{\"@id\":\"https:\/\/crc.umontreal.ca\/#\/schema\/logo\/image\/\"}}]}<\/script>\n<!-- \/ Yoast SEO plugin. -->","yoast_head_json":{"title":"Premier Cycle - CANADA RESEARCH CHAIR IN ARCHITECTURE, COMPETITIONS and QUALITY","robots":{"index":"index","follow":"follow","max-snippet":"max-snippet:-1","max-image-preview":"max-image-preview:large","max-video-preview":"max-video-preview:-1"},"canonical":"https:\/\/crc.umontreal.ca\/premier-cycle\/","og_locale":"en_US","og_type":"article","og_title":"Premier Cycle - CANADA RESEARCH CHAIR IN ARCHITECTURE, COMPETITIONS and QUALITY","og_url":"https:\/\/crc.umontreal.ca\/premier-cycle\/","og_site_name":"CANADA RESEARCH CHAIR IN ARCHITECTURE, COMPETITIONS and QUALITY","article_modified_time":"2023-08-06T13:44:49+00:00","twitter_card":"summary_large_image","twitter_misc":{"Est. reading time":"2 minutes"},"schema":{"@context":"https:\/\/schema.org","@graph":[{"@type":"WebPage","@id":"https:\/\/crc.umontreal.ca\/premier-cycle\/","url":"https:\/\/crc.umontreal.ca\/premier-cycle\/","name":"Premier Cycle - CANADA RESEARCH CHAIR IN ARCHITECTURE, COMPETITIONS and QUALITY","isPartOf":{"@id":"https:\/\/crc.umontreal.ca\/#website"},"datePublished":"2020-06-29T15:40:06+00:00","dateModified":"2023-08-06T13:44:49+00:00","breadcrumb":{"@id":"https:\/\/crc.umontreal.ca\/premier-cycle\/#breadcrumb"},"inLanguage":"en-US","potentialAction":[{"@type":"ReadAction","target":["https:\/\/crc.umontreal.ca\/premier-cycle\/"]}]},{"@type":"BreadcrumbList","@id":"https:\/\/crc.umontreal.ca\/premier-cycle\/#breadcrumb","itemListElement":[{"@type":"ListItem","position":1,"name":"Accueil","item":"https:\/\/crc.umontreal.ca\/"},{"@type":"ListItem","position":2,"name":"Premier Cycle"}]},{"@type":"WebSite","@id":"https:\/\/crc.umontreal.ca\/#website","url":"https:\/\/crc.umontreal.ca\/","name":"%%sitedesc%%","description":"&lt;span class=&quot;titre_entete_div&quot;&gt;Canada Research Chair in&lt;\/span&gt;&lt;br&gt;&lt;span class=&quot;titre_entete_div&quot;&gt;Architecture, Competitions and Quality (CRC-ACQUA)&lt;\/span&gt;","publisher":{"@id":"https:\/\/crc.umontreal.ca\/#organization"},"potentialAction":[{"@type":"SearchAction","target":{"@type":"EntryPoint","urlTemplate":"https:\/\/crc.umontreal.ca\/?s={search_term_string}"},"query-input":{"@type":"PropertyValueSpecification","valueRequired":true,"valueName":"search_term_string"}}],"inLanguage":"en-US"},{"@type":"Organization","@id":"https:\/\/crc.umontreal.ca\/#organization","name":"%%sitedesc%%","url":"https:\/\/crc.umontreal.ca\/","logo":{"@type":"ImageObject","inLanguage":"en-US","@id":"https:\/\/crc.umontreal.ca\/#\/schema\/logo\/image\/","url":"https:\/\/crc.umontreal.ca\/wp-content\/uploads\/2025\/10\/cropped-CRC_ACQUA.png","contentUrl":"https:\/\/crc.umontreal.ca\/wp-content\/uploads\/2025\/10\/cropped-CRC_ACQUA.png","width":1099,"height":1099,"caption":"%%sitedesc%%"},"image":{"@id":"https:\/\/crc.umontreal.ca\/#\/schema\/logo\/image\/"}}]}},"_links":{"self":[{"href":"https:\/\/crc.umontreal.ca\/en\/wp-json\/wp\/v2\/pages\/22094","targetHints":{"allow":["GET"]}}],"collection":[{"href":"https:\/\/crc.umontreal.ca\/en\/wp-json\/wp\/v2\/pages"}],"about":[{"href":"https:\/\/crc.umontreal.ca\/en\/wp-json\/wp\/v2\/types\/page"}],"author":[{"embeddable":true,"href":"https:\/\/crc.umontreal.ca\/en\/wp-json\/wp\/v2\/users\/1"}],"replies":[{"embeddable":true,"href":"https:\/\/crc.umontreal.ca\/en\/wp-json\/wp\/v2\/comments?post=22094"}],"version-history":[{"count":22,"href":"https:\/\/crc.umontreal.ca\/en\/wp-json\/wp\/v2\/pages\/22094\/revisions"}],"predecessor-version":[{"id":25687,"href":"https:\/\/crc.umontreal.ca\/en\/wp-json\/wp\/v2\/pages\/22094\/revisions\/25687"}],"wp:attachment":[{"href":"https:\/\/crc.umontreal.ca\/en\/wp-json\/wp\/v2\/media?parent=22094"}],"curies":[{"name":"wp","href":"https:\/\/api.w.org\/{rel}","templated":true}]}}