{"id":22097,"date":"2020-06-29T10:42:35","date_gmt":"2020-06-29T15:42:35","guid":{"rendered":"https:\/\/crc.umontreal.ca\/?page_id=22097"},"modified":"2023-08-06T08:42:14","modified_gmt":"2023-08-06T13:42:14","slug":"deuxieme-cycle","status":"publish","type":"page","link":"https:\/\/crc.umontreal.ca\/en\/deuxieme-cycle\/","title":{"rendered":"Deuxi\u00e8me Cycle"},"content":{"rendered":"<div class=\"wpb-content-wrapper\"><p>[vc_row][vc_column][vc_column_text]<\/p>\n<h1>MA\u00ceTRISE EN ARCHITECTURE<\/h1>\n<p>[\/vc_column_text][\/vc_column][\/vc_row][vc_row][vc_column][vc_column_text]<\/p>\n<h2>ARC6804-LANGAGES, \u00c9CRITURES DU PROJET<\/h2>\n<p style=\"font-weight: 400;\"><strong>Description\u00a0:<\/strong><\/p>\n<p style=\"font-weight: 400;\">Cours de r\u00e9daction et d\u2019exposition orale de courts textes publiables et illustr\u00e9s permettant d\u2019introduire, d\u00e9crire, comparer, commenter, critiquer ou raconter un ou plusieurs projets d\u2019architecture. Ce cours se constitue en soutien direct au projet de la ma\u00eetrise en architecture d\u00e9velopp\u00e9 parall\u00e8lement pendant la session d\u2019automne et constitue une pr\u00e9paration au projet th\u00e8se ou au projet de l\u2019atelier 1 de la MArch.<\/p>\n<p style=\"font-weight: 400;\"><strong>Objectifs et comp\u00e9tences vis\u00e9s\u00a0:<\/strong><\/p>\n<ul>\n<li>Compr\u00e9hension \u00e0 la fois historique, th\u00e9orique et pragmatique de la multiplicit\u00e9 des formes d\u2019\u00e9criture et de pr\u00e9sentation orale en architecture.<\/li>\n<li>Compr\u00e9hension des distinctions fondamentales entre les structures d\u2019une pr\u00e9sentation \u00e9crite et celles d\u2019une pr\u00e9sentation orale.<\/li>\n<li>Mise en application des logiques d\u2019efficacit\u00e9 d\u2019une argumentation de projet en vue de sa pr\u00e9sentation (dans un portfolio, un dossier de concours, un dossier de prix d\u2019excellence, un dossier de candidature pour un appel d\u2019offres ou une publication professionnelle).<\/li>\n<li>Capacit\u00e9 \u00e0 distinguer les convergences et les divergences entre le pouvoir du texte et celui de l\u2019image (et\/ou des mod\u00e8les) dans la pr\u00e9sentation d\u2019un projet d\u2019architecture.<\/li>\n<\/ul>\n<p>[\/vc_column_text][\/vc_column][\/vc_row][vc_row][vc_column][vc_column_text]<\/p>\n<h3><a href=\"https:\/\/crc.umontreal.ca\/arc6804-langages-et-ecritures-du-projet\/\" target=\"_blank\" rel=\"noopener\"><span style=\"color: #ff0000;\">Plan de cours type : session automne 2021<\/span><\/a><\/h3>\n<p>[\/vc_column_text][\/vc_column][\/vc_row][vc_row][vc_column][vc_empty_space height=&#8221;120px&#8221;][\/vc_column][\/vc_row][vc_row][vc_column][vc_column_text]<\/p>\n<h2>ARC 6851 : S&#8217;ORIENTER DANS LA DIVERSIT\u00c9 DES TH\u00c8SES EN ARCHITECTURE<\/h2>\n<p style=\"font-weight: 400;\"><em>Titre court\u00a0: <\/em>S\u00e9minaire diversit\u00e9 des th\u00e8ses<\/p>\n<p style=\"font-weight: 400;\">Coordination\u00a0: <strong>Jean-Pierre Chupin<\/strong>, PhD. Fr\u00e9quence\u00a0: Hebdomadaire \/ Lieu\u00a0: (#2077)<\/p>\n<ul>\n<li>Optionnel pour les \u00e9tudiants finissants \u00e0 la ma\u00eetrise en architecture (max. 6)<\/li>\n<li>Obligatoire pour les nouveaux doctorants du PhD individualis\u00e9 en architecture<\/li>\n<\/ul>\n<p style=\"font-weight: 400;\"><em>Introduction aux questions et d\u00e9marches de recherche en architecture. Comprendre et s\u2019orienter dans la diversit\u00e9 des th\u00e8ses en architecture. Lectures dirig\u00e9es et introduction \u00e0 la complexit\u00e9 de la d\u00e9marche comparative dans les disciplines du projet. Forum des chercheurs de l\u2019\u00c9cole d\u2019architecture. <\/em><\/p>\n<p>[\/vc_column_text][\/vc_column][\/vc_row][vc_row][vc_column][vc_column_text]<\/p>\n<h3>Plan de cours typique (automne 2022)<\/h3>\n<div class=\"sdm_download_item \"><div class=\"sdm_download_item_top\"><div class=\"sdm_download_thumbnail\"><img decoding=\"async\" class=\"sdm_download_thumbnail_image\" src=\"https:\/\/crc.umontreal.ca\/wp-content\/uploads\/2023\/08\/compas2016.png\" alt = \"ARC6851 : Ma\u00eetrise et doctorat: S&#8217;orienter dans la diversit\u00e9 des th\u00e8ses en architecture\" \/><\/div><div class=\"sdm_download_title\">ARC6851 : Ma\u00eetrise et doctorat: S&#8217;orienter dans la diversit\u00e9 des th\u00e8ses en architecture<\/div><\/div><div style=\"clear:both;\"><\/div><div class=\"sdm_download_description\"><\/div><div class=\"sdm_download_link\"><span class=\"sdm_download_button\"><a href=\"https:\/\/crc.umontreal.ca\/en\/?sdm_process_download=1&download_id=25675\" class=\"sdm_download white\" title=\"ARC6851 : Ma\u00eetrise et doctorat: S&#8217;orienter dans la diversit\u00e9 des th\u00e8ses en architecture\" target=\"_self\">.PDF<\/a><\/span><\/div><\/div><div class=\"sdm_clear_float\"><\/div>[\/vc_column_text][\/vc_column][\/vc_row]<\/p>\n<\/div>","protected":false},"excerpt":{"rendered":"<p>[vc_row][vc_column][vc_column_text] MA\u00ceTRISE EN ARCHITECTURE [\/vc_column_text][\/vc_column][\/vc_row][vc_row][vc_column][vc_column_text] ARC6804-LANGAGES, \u00c9CRITURES DU PROJET Description\u00a0: Cours de r\u00e9daction et d\u2019exposition orale de courts textes publiables et illustr\u00e9s permettant d\u2019introduire, d\u00e9crire, comparer, commenter, critiquer ou raconter un ou plusieurs projets d\u2019architecture. Ce cours se constitue en soutien direct au projet de la ma\u00eetrise en architecture d\u00e9velopp\u00e9 parall\u00e8lement pendant la session d\u2019automne &#8230; <a title=\"Deuxi\u00e8me Cycle\" class=\"read-more\" href=\"https:\/\/crc.umontreal.ca\/en\/deuxieme-cycle\/\" aria-label=\"Read more about Deuxi\u00e8me Cycle\">Read more<\/a><\/p>\n","protected":false},"author":1,"featured_media":0,"parent":0,"menu_order":0,"comment_status":"closed","ping_status":"closed","template":"","meta":{"_acf_changed":false,"footnotes":""},"class_list":["post-22097","page","type-page","status-publish"],"translation":{"provider":"WPGlobus","version":"3.0.2","language":"en","enabled_languages":["fr","en"],"languages":{"fr":{"title":true,"content":true,"excerpt":false},"en":{"title":false,"content":false,"excerpt":false}}},"acf":[],"yoast_head":"<!-- This site is optimized with the Yoast SEO plugin v25.9 - https:\/\/yoast.com\/wordpress\/plugins\/seo\/ -->\n<title>Deuxi\u00e8me Cycle - CANADA RESEARCH CHAIR IN ARCHITECTURE, COMPETITIONS and QUALITY<\/title>\n<meta name=\"robots\" content=\"index, follow, max-snippet:-1, max-image-preview:large, max-video-preview:-1\" \/>\n<link rel=\"canonical\" href=\"https:\/\/crc.umontreal.ca\/deuxieme-cycle\/\" \/>\n<meta property=\"og:locale\" content=\"en_US\" \/>\n<meta property=\"og:type\" content=\"article\" \/>\n<meta property=\"og:title\" content=\"Deuxi\u00e8me Cycle - CANADA RESEARCH CHAIR IN ARCHITECTURE, COMPETITIONS and QUALITY\" \/>\n<meta property=\"og:url\" content=\"https:\/\/crc.umontreal.ca\/deuxieme-cycle\/\" \/>\n<meta property=\"og:site_name\" content=\"CANADA RESEARCH CHAIR IN ARCHITECTURE, COMPETITIONS and QUALITY\" \/>\n<meta property=\"article:modified_time\" content=\"2023-08-06T13:42:14+00:00\" \/>\n<meta name=\"twitter:card\" content=\"summary_large_image\" \/>\n<meta name=\"twitter:label1\" content=\"Est. reading time\" \/>\n\t<meta name=\"twitter:data1\" content=\"2 minutes\" \/>\n<script type=\"application\/ld+json\" class=\"yoast-schema-graph\">{\"@context\":\"https:\/\/schema.org\",\"@graph\":[{\"@type\":\"WebPage\",\"@id\":\"https:\/\/crc.umontreal.ca\/deuxieme-cycle\/\",\"url\":\"https:\/\/crc.umontreal.ca\/deuxieme-cycle\/\",\"name\":\"Deuxi\u00e8me Cycle - CANADA RESEARCH CHAIR IN ARCHITECTURE, COMPETITIONS and QUALITY\",\"isPartOf\":{\"@id\":\"https:\/\/crc.umontreal.ca\/#website\"},\"datePublished\":\"2020-06-29T15:42:35+00:00\",\"dateModified\":\"2023-08-06T13:42:14+00:00\",\"breadcrumb\":{\"@id\":\"https:\/\/crc.umontreal.ca\/deuxieme-cycle\/#breadcrumb\"},\"inLanguage\":\"en-US\",\"potentialAction\":[{\"@type\":\"ReadAction\",\"target\":[\"https:\/\/crc.umontreal.ca\/deuxieme-cycle\/\"]}]},{\"@type\":\"BreadcrumbList\",\"@id\":\"https:\/\/crc.umontreal.ca\/deuxieme-cycle\/#breadcrumb\",\"itemListElement\":[{\"@type\":\"ListItem\",\"position\":1,\"name\":\"Accueil\",\"item\":\"https:\/\/crc.umontreal.ca\/\"},{\"@type\":\"ListItem\",\"position\":2,\"name\":\"Deuxi\u00e8me Cycle\"}]},{\"@type\":\"WebSite\",\"@id\":\"https:\/\/crc.umontreal.ca\/#website\",\"url\":\"https:\/\/crc.umontreal.ca\/\",\"name\":\"%%sitedesc%%\",\"description\":\"&lt;span class=&quot;titre_entete_div&quot;&gt;Canada Research Chair in&lt;\/span&gt;&lt;br&gt;&lt;span class=&quot;titre_entete_div&quot;&gt;Architecture, Competitions and Quality (CRC-ACQUA)&lt;\/span&gt;\",\"publisher\":{\"@id\":\"https:\/\/crc.umontreal.ca\/#organization\"},\"potentialAction\":[{\"@type\":\"SearchAction\",\"target\":{\"@type\":\"EntryPoint\",\"urlTemplate\":\"https:\/\/crc.umontreal.ca\/?s={search_term_string}\"},\"query-input\":{\"@type\":\"PropertyValueSpecification\",\"valueRequired\":true,\"valueName\":\"search_term_string\"}}],\"inLanguage\":\"en-US\"},{\"@type\":\"Organization\",\"@id\":\"https:\/\/crc.umontreal.ca\/#organization\",\"name\":\"%%sitedesc%%\",\"url\":\"https:\/\/crc.umontreal.ca\/\",\"logo\":{\"@type\":\"ImageObject\",\"inLanguage\":\"en-US\",\"@id\":\"https:\/\/crc.umontreal.ca\/#\/schema\/logo\/image\/\",\"url\":\"https:\/\/crc.umontreal.ca\/wp-content\/uploads\/2025\/10\/cropped-CRC_ACQUA.png\",\"contentUrl\":\"https:\/\/crc.umontreal.ca\/wp-content\/uploads\/2025\/10\/cropped-CRC_ACQUA.png\",\"width\":1099,\"height\":1099,\"caption\":\"%%sitedesc%%\"},\"image\":{\"@id\":\"https:\/\/crc.umontreal.ca\/#\/schema\/logo\/image\/\"}}]}<\/script>\n<!-- \/ Yoast SEO plugin. -->","yoast_head_json":{"title":"Deuxi\u00e8me Cycle - CANADA RESEARCH CHAIR IN ARCHITECTURE, COMPETITIONS and QUALITY","robots":{"index":"index","follow":"follow","max-snippet":"max-snippet:-1","max-image-preview":"max-image-preview:large","max-video-preview":"max-video-preview:-1"},"canonical":"https:\/\/crc.umontreal.ca\/deuxieme-cycle\/","og_locale":"en_US","og_type":"article","og_title":"Deuxi\u00e8me Cycle - CANADA RESEARCH CHAIR IN ARCHITECTURE, COMPETITIONS and QUALITY","og_url":"https:\/\/crc.umontreal.ca\/deuxieme-cycle\/","og_site_name":"CANADA RESEARCH CHAIR IN ARCHITECTURE, COMPETITIONS and QUALITY","article_modified_time":"2023-08-06T13:42:14+00:00","twitter_card":"summary_large_image","twitter_misc":{"Est. reading time":"2 minutes"},"schema":{"@context":"https:\/\/schema.org","@graph":[{"@type":"WebPage","@id":"https:\/\/crc.umontreal.ca\/deuxieme-cycle\/","url":"https:\/\/crc.umontreal.ca\/deuxieme-cycle\/","name":"Deuxi\u00e8me Cycle - CANADA RESEARCH CHAIR IN ARCHITECTURE, COMPETITIONS and QUALITY","isPartOf":{"@id":"https:\/\/crc.umontreal.ca\/#website"},"datePublished":"2020-06-29T15:42:35+00:00","dateModified":"2023-08-06T13:42:14+00:00","breadcrumb":{"@id":"https:\/\/crc.umontreal.ca\/deuxieme-cycle\/#breadcrumb"},"inLanguage":"en-US","potentialAction":[{"@type":"ReadAction","target":["https:\/\/crc.umontreal.ca\/deuxieme-cycle\/"]}]},{"@type":"BreadcrumbList","@id":"https:\/\/crc.umontreal.ca\/deuxieme-cycle\/#breadcrumb","itemListElement":[{"@type":"ListItem","position":1,"name":"Accueil","item":"https:\/\/crc.umontreal.ca\/"},{"@type":"ListItem","position":2,"name":"Deuxi\u00e8me Cycle"}]},{"@type":"WebSite","@id":"https:\/\/crc.umontreal.ca\/#website","url":"https:\/\/crc.umontreal.ca\/","name":"%%sitedesc%%","description":"&lt;span class=&quot;titre_entete_div&quot;&gt;Canada Research Chair in&lt;\/span&gt;&lt;br&gt;&lt;span class=&quot;titre_entete_div&quot;&gt;Architecture, Competitions and Quality (CRC-ACQUA)&lt;\/span&gt;","publisher":{"@id":"https:\/\/crc.umontreal.ca\/#organization"},"potentialAction":[{"@type":"SearchAction","target":{"@type":"EntryPoint","urlTemplate":"https:\/\/crc.umontreal.ca\/?s={search_term_string}"},"query-input":{"@type":"PropertyValueSpecification","valueRequired":true,"valueName":"search_term_string"}}],"inLanguage":"en-US"},{"@type":"Organization","@id":"https:\/\/crc.umontreal.ca\/#organization","name":"%%sitedesc%%","url":"https:\/\/crc.umontreal.ca\/","logo":{"@type":"ImageObject","inLanguage":"en-US","@id":"https:\/\/crc.umontreal.ca\/#\/schema\/logo\/image\/","url":"https:\/\/crc.umontreal.ca\/wp-content\/uploads\/2025\/10\/cropped-CRC_ACQUA.png","contentUrl":"https:\/\/crc.umontreal.ca\/wp-content\/uploads\/2025\/10\/cropped-CRC_ACQUA.png","width":1099,"height":1099,"caption":"%%sitedesc%%"},"image":{"@id":"https:\/\/crc.umontreal.ca\/#\/schema\/logo\/image\/"}}]}},"_links":{"self":[{"href":"https:\/\/crc.umontreal.ca\/en\/wp-json\/wp\/v2\/pages\/22097","targetHints":{"allow":["GET"]}}],"collection":[{"href":"https:\/\/crc.umontreal.ca\/en\/wp-json\/wp\/v2\/pages"}],"about":[{"href":"https:\/\/crc.umontreal.ca\/en\/wp-json\/wp\/v2\/types\/page"}],"author":[{"embeddable":true,"href":"https:\/\/crc.umontreal.ca\/en\/wp-json\/wp\/v2\/users\/1"}],"replies":[{"embeddable":true,"href":"https:\/\/crc.umontreal.ca\/en\/wp-json\/wp\/v2\/comments?post=22097"}],"version-history":[{"count":8,"href":"https:\/\/crc.umontreal.ca\/en\/wp-json\/wp\/v2\/pages\/22097\/revisions"}],"predecessor-version":[{"id":25684,"href":"https:\/\/crc.umontreal.ca\/en\/wp-json\/wp\/v2\/pages\/22097\/revisions\/25684"}],"wp:attachment":[{"href":"https:\/\/crc.umontreal.ca\/en\/wp-json\/wp\/v2\/media?parent=22097"}],"curies":[{"name":"wp","href":"https:\/\/api.w.org\/{rel}","templated":true}]}}