{"id":22100,"date":"2020-06-29T10:44:25","date_gmt":"2020-06-29T15:44:25","guid":{"rendered":"https:\/\/crc.umontreal.ca\/?page_id=22100"},"modified":"2023-08-06T08:42:49","modified_gmt":"2023-08-06T13:42:49","slug":"troisieme-cycle","status":"publish","type":"page","link":"https:\/\/crc.umontreal.ca\/en\/troisieme-cycle\/","title":{"rendered":"Troisi\u00e8me Cycle"},"content":{"rendered":"<div class=\"wpb-content-wrapper\"><p>[vc_row][vc_column][vc_column_text]<\/p>\n<h1>S\u00c9MINAIRE DOCTORAL<\/h1>\n<p>[\/vc_column_text][\/vc_column][\/vc_row][vc_row][vc_column][vc_column_text]<\/p>\n<h2>ARC 6851 : S&#8217;ORIENTER DANS LA DIVERSIT\u00c9 DES TH\u00c8SES EN ARCHITECTURE<\/h2>\n<p style=\"font-weight: 400;\"><em>Titre court\u00a0: <\/em>S\u00e9minaire diversit\u00e9 des th\u00e8ses<\/p>\n<p style=\"font-weight: 400;\">Coordination\u00a0: <strong>Jean-Pierre Chupin<\/strong>, PhD. Fr\u00e9quence\u00a0: Hebdomadaire \/ Lieu\u00a0: (#2077)<\/p>\n<ul>\n<li>Optionnel pour les \u00e9tudiants finissants \u00e0 la ma\u00eetrise en architecture (max. 6)<\/li>\n<li>Obligatoire pour les nouveaux doctorants du PhD individualis\u00e9 en architecture<\/li>\n<\/ul>\n<p style=\"font-weight: 400;\"><em>Introduction aux questions et d\u00e9marches de recherche en architecture. Comprendre et s\u2019orienter dans la diversit\u00e9 des th\u00e8ses en architecture. Lectures dirig\u00e9es et introduction \u00e0 la complexit\u00e9 de la d\u00e9marche comparative dans les disciplines du projet. Forum des chercheurs de l\u2019\u00c9cole d\u2019architecture. <\/em><\/p>\n<p>[\/vc_column_text][\/vc_column][\/vc_row][vc_row][vc_column][vc_single_image image=&#8221;25670&#8243; img_size=&#8221;full&#8221; add_caption=&#8221;yes&#8221;][\/vc_column][\/vc_row][vc_row][vc_column][vc_column_text]<\/p>\n<h3>Plan de cours typique (automne 2022)<\/h3>\n<div class=\"sdm_download_item \"><div class=\"sdm_download_item_top\"><div class=\"sdm_download_thumbnail\"><img decoding=\"async\" class=\"sdm_download_thumbnail_image\" src=\"https:\/\/crc.umontreal.ca\/wp-content\/uploads\/2023\/08\/compas2016.png\" alt = \"ARC6851 : Ma\u00eetrise et doctorat: S&#8217;orienter dans la diversit\u00e9 des th\u00e8ses en architecture\" \/><\/div><div class=\"sdm_download_title\">ARC6851 : Ma\u00eetrise et doctorat: S&#8217;orienter dans la diversit\u00e9 des th\u00e8ses en architecture<\/div><\/div><div style=\"clear:both;\"><\/div><div class=\"sdm_download_description\"><\/div><div class=\"sdm_download_link\"><span class=\"sdm_download_button\"><a href=\"https:\/\/crc.umontreal.ca\/en\/?sdm_process_download=1&download_id=25675\" class=\"sdm_download white\" title=\"ARC6851 : Ma\u00eetrise et doctorat: S&#8217;orienter dans la diversit\u00e9 des th\u00e8ses en architecture\" target=\"_self\">.PDF<\/a><\/span><\/div><\/div><div class=\"sdm_clear_float\"><\/div>[\/vc_column_text][\/vc_column][\/vc_row][vc_row][vc_column][vc_empty_space height=&#8221;100px&#8221;][\/vc_column][\/vc_row][vc_row][vc_column][vc_column_text]<\/p>\n<h1><a href=\"https:\/\/crc.umontreal.ca\/recherches-doctorants\/\" target=\"_blank\" rel=\"noopener noreferrer\">RECHERCHES DOCTORALES (SOUS LA DIRECTION DE JEAN-PIERRE CHUPIN)<\/a><\/h1>\n<p>[\/vc_column_text][\/vc_column][\/vc_row][vc_row][vc_column][vc_column_text]<div id=\"GJ3W3XF2\"><table class='tableau-dt' id='tfGJ3W3XF2' ><thead><tr><th width='75'>Year<\/th><th width='200'>Author<\/th><th>Title<\/th><th>PDF<\/th><th>Link<\/th><\/tr><\/thead><tbody id='tbGJ3W3XF2'><tr><td>2012-2018<\/td><td>Destombes, Louis<\/td><td><strong>Traductions constructives du projet d&#8217;architecture : th\u00e9oriser le d\u00e9tail \u00e0 l&#8217;\u00e8re de la mod\u00e9lisation int\u00e9grative (Recherche doctorale effectu\u00e9e sous la direction du professeur Jean-Pierre Chupin)<\/strong>, Montr\u00e9al, 2012-2018<\/td><td><\/td><td><a href='https:\/\/doi.org\/1866\/20636' target='blank'><i class='material-icons' style='font-size:16px;'>link<\/i><\/a><\/td><\/tr><tr><td>2016-2023<\/td><td>Bafghinia, Mandana<\/td><td><strong>The Skyscraper&#8217;s Summit, as a Beacon and a Viewing Platform: New York, Paris, Montreal, Shanghai (Recherche doctorale effectu\u00e9e sous la direction du professeur Jean-Pierre Chupin)<\/strong>, Montr\u00e9al, 2016-2023<\/td><td><\/td><td><a href='https:\/\/umontreal.scholaris.ca\/items\/2765a4b5-3e12-4a66-9ec5-cf7e2bfd9413' target='blank'><i class='material-icons' style='font-size:16px;'>link<\/i><\/a><\/td><\/tr><tr><td>2005-2010<\/td><td>Amaral, Izabel<\/td><td><strong>Tensions tectoniques du projet d&#8217;architecture : \u00e9tudes comparatives de concours canadiens et br\u00e9siliens (1967-2005) (Recherche doctorale effectu\u00e9e sous la direction du professeur Jean-Pierre Chupin)<\/strong>, Montr\u00e9al, 2005-2010<\/td><td><\/td><td><a href='https:\/\/doi.org\/1866\/4525' target='blank'><i class='material-icons' style='font-size:16px;'>link<\/i><\/a><\/td><\/tr><tr><td>2016-2020<\/td><td>Costa, Adrienne<\/td><td><strong>Voir l&#8217;espace architectural en coupe : exploration du r\u00f4le de la coupe dans la conception de l&#8217;espace moderne (Recherche doctorale effectu\u00e9e sous la direction des professeurs Jean-Pierre Chupin et R\u00e9mi Papillault)<\/strong>, Montr\u00e9al, 2016-2020<\/td><td><\/td><td><a href='https:\/\/doi.org\/1866\/25389' target='blank'><i class='material-icons' style='font-size:16px;'>link<\/i><\/a><\/td><\/tr><tr><td>2004-2006<\/td><td>Dadour, St\u00e9phanie<\/td><td><strong>Dispositifs d&#8217;habitations et nouveaux modes de vie: une analyse comparative du concours l&#8217;Art de vivre en ville, Montr\u00e9al 1991. (M\u00e9moire de ma\u00eetrise effectu\u00e9 sous la direction du professeur Jean-Pierre Chupin)<\/strong>, Montr\u00e9al, 2004-2006<\/td><td><\/td><td><\/td><\/tr><tr><td>2005-2008<\/td><td>Gomes Alves, Lino<\/td><td><strong>L\u2019archivage num\u00e9rique des projets \u00ab Europan \u00bb comme situation d\u2019analyse scientifique du concours d\u2019id\u00e9es en architecture. (M\u00e9moire de ma\u00eetrise effectu\u00e9 sous la direction du professeur Jean-Pierre Chupin)<\/strong>, Montr\u00e9al, 2005-2008<\/td><td><\/td><td><a href='http:\/\/hdl.handle.net\/1866\/2776' target='blank'><i class='material-icons' style='font-size:16px;'>link<\/i><\/a><\/td><\/tr><tr><td>2008-2016<\/td><td>Helal, Bechara<\/td><td><strong>Les laboratoires de l\u2019architecture : enqu\u00eate \u00e9pist\u00e9mologique sur un paradigme historique (Recherche doctorale effectu\u00e9e sous la direction du professeur Jean-Pierre Chupin)<\/strong>, Montr\u00e9al, 2008-2016<\/td><td><\/td><td><a href='https:\/\/doi.org\/1866\/19061' target='blank'><i class='material-icons' style='font-size:16px;'>link<\/i><\/a><\/td><\/tr><tr><td>2008-2009<\/td><td>Sobreira, Fabiano<\/td><td><strong>Concours d\u2019architecture, politique publique et d\u00e9veloppement durable. Analyse de concours au Br\u00e9sil et au Canada (Recherche postdoctorale effectu\u00e9e sous la direction du professeur Jean-Pierre Chupin)<\/strong>, Montr\u00e9al, 2008-2009<\/td><td><\/td><td><\/td><\/tr><tr><td>2019-2024<\/td><td>Palombi, Lucie<\/td><td><strong>De la textualit\u00e9 du projet professionnel en situation de concours en architecture : herm\u00e9neutique et comparaison de textes li\u00e9s \u00e0 des projets laur\u00e9ats de concours d\u2019architecture au Qu\u00e9bec entre 2010 et 2020 (Recherche doctorale effectu\u00e9e sous la direction du professeur Jean-Pierre Chupin)<\/strong>, Montr\u00e9al, 2019-2024<\/td><td><\/td><td><a href='https:\/\/umontreal.scholaris.ca\/items\/599880b8-c5cc-4439-ac3e-ff8c8e43158d' target='blank'><i class='material-icons' style='font-size:16px;'>link<\/i><\/a><\/td><\/tr><tr><td>2013-2019<\/td><td>Abenia, Tiphaine<\/td><td><strong>Architecture potentielle de la Grande Structure Abandonn\u00e9e (G.S.A) : cat\u00e9gorisation et projection (Recherche doctorale effectu\u00e9e en cotutelle sous la direction des professeurs Jean-Pierre Chupin et Daniel Estevez)<\/strong>, Montr\u00e9al, 2013-2019<\/td><td><\/td><td><a href='https:\/\/doi.org\/1866\/23968' target='blank'><i class='material-icons' style='font-size:16px;'>link<\/i><\/a><\/td><\/tr><tr><td>2017-<\/td><td>Par\u00e9, Alexandra<\/td><td><strong>Analyse comparative du processus de conception d\u2019\u00e9coles primaires construites au Qu\u00e9bec et en Europe entre 2000 et 2015 (Recherche doctorale effectu\u00e9e sous la direction du professeur Jean-Pierre Chupin)<\/strong>, Montr\u00e9al, 2017-<\/td><td><\/td><td><a href='https:\/\/crc.umontreal.ca\/assistant\/alexandra-pare\/' target='blank'><i class='material-icons' style='font-size:16px;'>link<\/i><\/a><\/td><\/tr><tr><td>2018-2025<\/td><td>Catros, Aur\u00e9lien<\/td><td><strong>De la stemmatique en architecture : une approche arch\u00e9ologique de processus de conception \u00e0 partir des mod\u00e8les du projet (Recherche doctorale effectu\u00e9e sous la direction des professeurs Jean-Pierre Chupin et Bechara Helal)<\/strong>, Montr\u00e9al, 2018-2025<\/td><td><\/td><td><a href='https:\/\/umontreal.scholaris.ca\/items\/4cfbd058-efcc-4b63-8401-f50086c17a2b' target='blank'><i class='material-icons' style='font-size:16px;'>link<\/i><\/a><\/td><\/tr><\/tbody><\/table><\/div>[\/vc_column_text][\/vc_column][\/vc_row]<\/p>\n<\/div>","protected":false},"excerpt":{"rendered":"<p>[vc_row][vc_column][vc_column_text] S\u00c9MINAIRE DOCTORAL [\/vc_column_text][\/vc_column][\/vc_row][vc_row][vc_column][vc_column_text] ARC 6851 : S&#8217;ORIENTER DANS LA DIVERSIT\u00c9 DES TH\u00c8SES EN ARCHITECTURE Titre court\u00a0: S\u00e9minaire diversit\u00e9 des th\u00e8ses Coordination\u00a0: Jean-Pierre Chupin, PhD. Fr\u00e9quence\u00a0: Hebdomadaire \/ Lieu\u00a0: (#2077) Optionnel pour les \u00e9tudiants finissants \u00e0 la ma\u00eetrise en architecture (max. 6) Obligatoire pour les nouveaux doctorants du PhD individualis\u00e9 en architecture Introduction aux questions &#8230; <a title=\"De la stemmatique en architecture : une approche arch\u00e9ologique de processus de conception \u00e0 partir des mod\u00e8les du projet (Recherche doctorale effectu\u00e9e sous la direction des professeurs Jean-Pierre Chupin et Bechara Helal)\" class=\"read-more\" href=\"https:\/\/crc.umontreal.ca\/en\/recherche_doctorant\/representation-et-simulation-des-qualites-du-projet-darchitecture-au-prisme-des-systemes-de-modelisation-des-donnees-du-batiment\/\" aria-label=\"Read more about De la stemmatique en architecture : une approche arch\u00e9ologique de processus de conception \u00e0 partir des mod\u00e8les du projet (Recherche doctorale effectu\u00e9e sous la direction des professeurs Jean-Pierre Chupin et Bechara Helal)\">Read more<\/a><\/p>\n","protected":false},"author":1,"featured_media":0,"parent":0,"menu_order":0,"comment_status":"closed","ping_status":"closed","template":"","meta":{"_acf_changed":false,"footnotes":""},"class_list":["post-22100","page","type-page","status-publish","hentry"],"translation":{"provider":"WPGlobus","version":"3.0.2","language":"en","enabled_languages":["fr","en"],"languages":{"fr":{"title":true,"content":true,"excerpt":false},"en":{"title":false,"content":false,"excerpt":false}}},"acf":[],"yoast_head":"<!-- This site is optimized with the Yoast SEO plugin v25.9 - https:\/\/yoast.com\/wordpress\/plugins\/seo\/ -->\n<title>Troisi\u00e8me Cycle - CANADA RESEARCH CHAIR IN ARCHITECTURE, COMPETITIONS and QUALITY<\/title>\n<meta name=\"robots\" content=\"index, follow, max-snippet:-1, max-image-preview:large, max-video-preview:-1\" \/>\n<link rel=\"canonical\" href=\"https:\/\/crc.umontreal.ca\/troisieme-cycle\/\" \/>\n<meta property=\"og:locale\" content=\"en_US\" \/>\n<meta property=\"og:type\" content=\"article\" \/>\n<meta property=\"og:title\" content=\"Troisi\u00e8me Cycle - CANADA RESEARCH CHAIR IN ARCHITECTURE, COMPETITIONS and QUALITY\" \/>\n<meta property=\"og:url\" content=\"https:\/\/crc.umontreal.ca\/troisieme-cycle\/\" \/>\n<meta property=\"og:site_name\" content=\"CANADA RESEARCH CHAIR IN ARCHITECTURE, COMPETITIONS and QUALITY\" \/>\n<meta property=\"article:modified_time\" content=\"2023-08-06T13:42:49+00:00\" \/>\n<meta name=\"twitter:card\" content=\"summary_large_image\" \/>\n<meta name=\"twitter:label1\" content=\"Est. reading time\" \/>\n\t<meta name=\"twitter:data1\" content=\"1 minute\" \/>\n<script type=\"application\/ld+json\" class=\"yoast-schema-graph\">{\"@context\":\"https:\/\/schema.org\",\"@graph\":[{\"@type\":\"WebPage\",\"@id\":\"https:\/\/crc.umontreal.ca\/troisieme-cycle\/\",\"url\":\"https:\/\/crc.umontreal.ca\/troisieme-cycle\/\",\"name\":\"Troisi\u00e8me Cycle - CANADA RESEARCH CHAIR IN ARCHITECTURE, COMPETITIONS and QUALITY\",\"isPartOf\":{\"@id\":\"https:\/\/crc.umontreal.ca\/#website\"},\"datePublished\":\"2020-06-29T15:44:25+00:00\",\"dateModified\":\"2023-08-06T13:42:49+00:00\",\"breadcrumb\":{\"@id\":\"https:\/\/crc.umontreal.ca\/troisieme-cycle\/#breadcrumb\"},\"inLanguage\":\"en-US\",\"potentialAction\":[{\"@type\":\"ReadAction\",\"target\":[\"https:\/\/crc.umontreal.ca\/troisieme-cycle\/\"]}]},{\"@type\":\"BreadcrumbList\",\"@id\":\"https:\/\/crc.umontreal.ca\/troisieme-cycle\/#breadcrumb\",\"itemListElement\":[{\"@type\":\"ListItem\",\"position\":1,\"name\":\"Accueil\",\"item\":\"https:\/\/crc.umontreal.ca\/\"},{\"@type\":\"ListItem\",\"position\":2,\"name\":\"Troisi\u00e8me Cycle\"}]},{\"@type\":\"WebSite\",\"@id\":\"https:\/\/crc.umontreal.ca\/#website\",\"url\":\"https:\/\/crc.umontreal.ca\/\",\"name\":\"%%sitedesc%%\",\"description\":\"&lt;span class=&quot;titre_entete_div&quot;&gt;Canada Research Chair in&lt;\/span&gt;&lt;br&gt;&lt;span class=&quot;titre_entete_div&quot;&gt;Architecture, Competitions and Quality (CRC-ACQUA)&lt;\/span&gt;\",\"publisher\":{\"@id\":\"https:\/\/crc.umontreal.ca\/#organization\"},\"potentialAction\":[{\"@type\":\"SearchAction\",\"target\":{\"@type\":\"EntryPoint\",\"urlTemplate\":\"https:\/\/crc.umontreal.ca\/?s={search_term_string}\"},\"query-input\":{\"@type\":\"PropertyValueSpecification\",\"valueRequired\":true,\"valueName\":\"search_term_string\"}}],\"inLanguage\":\"en-US\"},{\"@type\":\"Organization\",\"@id\":\"https:\/\/crc.umontreal.ca\/#organization\",\"name\":\"%%sitedesc%%\",\"url\":\"https:\/\/crc.umontreal.ca\/\",\"logo\":{\"@type\":\"ImageObject\",\"inLanguage\":\"en-US\",\"@id\":\"https:\/\/crc.umontreal.ca\/#\/schema\/logo\/image\/\",\"url\":\"https:\/\/crc.umontreal.ca\/wp-content\/uploads\/2025\/10\/cropped-CRC_ACQUA.png\",\"contentUrl\":\"https:\/\/crc.umontreal.ca\/wp-content\/uploads\/2025\/10\/cropped-CRC_ACQUA.png\",\"width\":1099,\"height\":1099,\"caption\":\"%%sitedesc%%\"},\"image\":{\"@id\":\"https:\/\/crc.umontreal.ca\/#\/schema\/logo\/image\/\"}}]}<\/script>\n<!-- \/ Yoast SEO plugin. -->","yoast_head_json":{"title":"Troisi\u00e8me Cycle - CANADA RESEARCH CHAIR IN ARCHITECTURE, COMPETITIONS and QUALITY","robots":{"index":"index","follow":"follow","max-snippet":"max-snippet:-1","max-image-preview":"max-image-preview:large","max-video-preview":"max-video-preview:-1"},"canonical":"https:\/\/crc.umontreal.ca\/troisieme-cycle\/","og_locale":"en_US","og_type":"article","og_title":"Troisi\u00e8me Cycle - CANADA RESEARCH CHAIR IN ARCHITECTURE, COMPETITIONS and QUALITY","og_url":"https:\/\/crc.umontreal.ca\/troisieme-cycle\/","og_site_name":"CANADA RESEARCH CHAIR IN ARCHITECTURE, COMPETITIONS and QUALITY","article_modified_time":"2023-08-06T13:42:49+00:00","twitter_card":"summary_large_image","twitter_misc":{"Est. reading time":"1 minute"},"schema":{"@context":"https:\/\/schema.org","@graph":[{"@type":"WebPage","@id":"https:\/\/crc.umontreal.ca\/troisieme-cycle\/","url":"https:\/\/crc.umontreal.ca\/troisieme-cycle\/","name":"Troisi\u00e8me Cycle - CANADA RESEARCH CHAIR IN ARCHITECTURE, COMPETITIONS and QUALITY","isPartOf":{"@id":"https:\/\/crc.umontreal.ca\/#website"},"datePublished":"2020-06-29T15:44:25+00:00","dateModified":"2023-08-06T13:42:49+00:00","breadcrumb":{"@id":"https:\/\/crc.umontreal.ca\/troisieme-cycle\/#breadcrumb"},"inLanguage":"en-US","potentialAction":[{"@type":"ReadAction","target":["https:\/\/crc.umontreal.ca\/troisieme-cycle\/"]}]},{"@type":"BreadcrumbList","@id":"https:\/\/crc.umontreal.ca\/troisieme-cycle\/#breadcrumb","itemListElement":[{"@type":"ListItem","position":1,"name":"Accueil","item":"https:\/\/crc.umontreal.ca\/"},{"@type":"ListItem","position":2,"name":"Troisi\u00e8me Cycle"}]},{"@type":"WebSite","@id":"https:\/\/crc.umontreal.ca\/#website","url":"https:\/\/crc.umontreal.ca\/","name":"%%sitedesc%%","description":"&lt;span class=&quot;titre_entete_div&quot;&gt;Canada Research Chair in&lt;\/span&gt;&lt;br&gt;&lt;span class=&quot;titre_entete_div&quot;&gt;Architecture, Competitions and Quality (CRC-ACQUA)&lt;\/span&gt;","publisher":{"@id":"https:\/\/crc.umontreal.ca\/#organization"},"potentialAction":[{"@type":"SearchAction","target":{"@type":"EntryPoint","urlTemplate":"https:\/\/crc.umontreal.ca\/?s={search_term_string}"},"query-input":{"@type":"PropertyValueSpecification","valueRequired":true,"valueName":"search_term_string"}}],"inLanguage":"en-US"},{"@type":"Organization","@id":"https:\/\/crc.umontreal.ca\/#organization","name":"%%sitedesc%%","url":"https:\/\/crc.umontreal.ca\/","logo":{"@type":"ImageObject","inLanguage":"en-US","@id":"https:\/\/crc.umontreal.ca\/#\/schema\/logo\/image\/","url":"https:\/\/crc.umontreal.ca\/wp-content\/uploads\/2025\/10\/cropped-CRC_ACQUA.png","contentUrl":"https:\/\/crc.umontreal.ca\/wp-content\/uploads\/2025\/10\/cropped-CRC_ACQUA.png","width":1099,"height":1099,"caption":"%%sitedesc%%"},"image":{"@id":"https:\/\/crc.umontreal.ca\/#\/schema\/logo\/image\/"}}]}},"_links":{"self":[{"href":"https:\/\/crc.umontreal.ca\/en\/wp-json\/wp\/v2\/pages\/22100","targetHints":{"allow":["GET"]}}],"collection":[{"href":"https:\/\/crc.umontreal.ca\/en\/wp-json\/wp\/v2\/pages"}],"about":[{"href":"https:\/\/crc.umontreal.ca\/en\/wp-json\/wp\/v2\/types\/page"}],"author":[{"embeddable":true,"href":"https:\/\/crc.umontreal.ca\/en\/wp-json\/wp\/v2\/users\/1"}],"replies":[{"embeddable":true,"href":"https:\/\/crc.umontreal.ca\/en\/wp-json\/wp\/v2\/comments?post=22100"}],"version-history":[{"count":17,"href":"https:\/\/crc.umontreal.ca\/en\/wp-json\/wp\/v2\/pages\/22100\/revisions"}],"predecessor-version":[{"id":25685,"href":"https:\/\/crc.umontreal.ca\/en\/wp-json\/wp\/v2\/pages\/22100\/revisions\/25685"}],"wp:attachment":[{"href":"https:\/\/crc.umontreal.ca\/en\/wp-json\/wp\/v2\/media?parent=22100"}],"curies":[{"name":"wp","href":"https:\/\/api.w.org\/{rel}","templated":true}]}}