{"id":22115,"date":"2020-06-29T12:42:36","date_gmt":"2020-06-29T17:42:36","guid":{"rendered":"https:\/\/crc.umontreal.ca\/?page_id=22115"},"modified":"2020-12-21T15:21:28","modified_gmt":"2020-12-21T20:21:28","slug":"arc2104-travaux2020","status":"publish","type":"page","link":"https:\/\/crc.umontreal.ca\/en\/arc2104-travaux2020\/","title":{"rendered":"ARC2104-travaux2020"},"content":{"rendered":"<div class=\"wpb-content-wrapper\"><p>[vc_row][vc_column][vc_column_text]<\/p>\n<h3><strong>ARC2104: Th\u00e9ories du projet architectural. Prof. Jean-Pierre Chupin (Video presentations by teams of students. Winter 2020)<\/strong><\/h3>\n<h4>Reading list of prominent books published between 1960 and 2020 for individual and collective work (winter 2020)<\/h4>\n<h4><span style=\"color: #ff0000;\">Click on the book titles to access the video presentations made by each group of second-year students in the Bachelor of Architecture program at the Universit\u00e9 de Montr\u00e9al School of Architecture.<\/span><\/h4>\n<h4><span style=\"color: #ff0000;\">NB. The exercise does not consist in summarizing the book studied, but in identifying a number of theoretical principles that can give rise to &#8220;theories of the architectural project&#8221;.<\/span><\/h4>\n<h4>\u00a0<div class=\"sdm_download_item \"><div class=\"sdm_download_item_top\"><div class=\"sdm_download_thumbnail\"><img decoding=\"async\" class=\"sdm_download_thumbnail_image\" src=\"https:\/\/crc.umontreal.ca\/wp-content\/uploads\/2020\/06\/arc2104.png\" alt = \"ARC2104 : Plan de cours (hiver 2020)\" \/><\/div><div class=\"sdm_download_title\">ARC2104 : Plan de cours (hiver 2020)<\/div><\/div><div style=\"clear:both;\"><\/div><div class=\"sdm_download_description\"><\/div><div class=\"sdm_download_link\"><span class=\"sdm_download_button\"><a href=\"https:\/\/crc.umontreal.ca\/en\/?sdm_process_download=1&download_id=22105\" class=\"sdm_download white\" title=\"ARC2104 : Plan de cours (hiver 2020)\" target=\"_self\">PDF<\/a><\/span><\/div><\/div><div class=\"sdm_clear_float\"><\/div><\/h4>\n<pre><\/pre>\n<ol>\n<li><a href=\"https:\/\/vimeo.com\/431534521\" target=\"_blank\" rel=\"noopener noreferrer\"><strong>Banham, Reyner, <em>Megastructure: Urban Futures of the Recent Past<\/em><\/strong>, New York: Harper and Row, 1976 (NA 680 B355)<\/a><\/li>\n<li><a href=\"https:\/\/vimeo.com\/431541053\" target=\"_blank\" rel=\"noopener noreferrer\"><strong>Buckminster Fuller, R. <\/strong><strong><em>Manuel d&#8217;instruction pour le vaisseau spatial &#8220;Terre&#8221;<\/em><\/strong><strong><em>,<\/em><\/strong> Baden : Lars M\u00fcller Publishers\u00a02010; s\u00e9rie r\u00e9\u00e9dit\u00e9e sous la direction de Jaime Snyder. (T 14 F8512 2010)<\/a><\/li>\n<li><a href=\"https:\/\/vimeo.com\/431534817\" target=\"_blank\" rel=\"noopener noreferrer\"><strong>Charney, Melvin (sous la direction de Louis Martin), <em>Pour une d\u00e9finition de l\u2019architecture au Qu\u00e9bec et autres essais<\/em><\/strong><em>, <\/em>Montr\u00e9al : Potential Architecture Books, 2018. (NB. Lire surtout les textes de Melvin Charney pp 97-252)<\/a><\/li>\n<li><a href=\"https:\/\/vimeo.com\/431534985\" target=\"_blank\" rel=\"noopener noreferrer\"><strong>Farmer, John, Green Shift: Towards a Green Sensibility in Architecture<\/strong>, Oxford: Butterworth-Heinemann, 1996 ( NA 2542.35 F37 1996)<\/a><\/li>\n<li><a href=\"https:\/\/vimeo.com\/431535170\" target=\"_blank\" rel=\"noopener noreferrer\"><strong>Heyne, Hilde; Gulsum Baydar (sous la direction de), <em>Negotiating Domesticity: Spatial Productions of Gender in Modern Architecture<\/em>,<\/strong> New York : Routledge, 2005 (NA 2543 W65 N44 2005 + disponible en ligne) (NB. Lire surtout les chapitres 1, 2, 13 et 14)<\/a><\/li>\n<li><a href=\"https:\/\/vimeo.com\/431535324\" target=\"_blank\" rel=\"noopener noreferrer\"><strong>Hertzberger, Herman, <em>Le\u00e7ons d\u2019architecture<\/em><\/strong>, Gollion: inFolio, 2010 [1991] (NA 2750 H47812 2010) (NB. Lire surtout Chapitres A et C)<\/a><\/li>\n<li><a href=\"https:\/\/vimeo.com\/431535467\" target=\"_blank\" rel=\"noopener noreferrer\"><strong>Rowe, Colin; Robert Slutzky. <em>Transparency<\/em><\/strong>, B\u00e2le: Birkh\u00e4user, 1997 [1971] (NA 2765 R69 1997)(chapitre Transparence en version fran\u00e7aise).<\/a><\/li>\n<li><strong>Jacobs, Jane, <em>D\u00e9clin et survie des grandes villes am\u00e9ricaines<\/em><\/strong>, Li\u00e8ge, Belgique : Pierre Mardaga, 1991 [1961] (NA 9108 J3312 1991)<\/li>\n<li><a href=\"https:\/\/vimeo.com\/431537490\" target=\"_blank\" rel=\"noopener noreferrer\"><strong>Kahn, Louis I., <em>Silence et lumi\u00e8re: choix de conf\u00e9rences et d&#8217;entretiens<\/em><\/strong><em>, 1955-1974<\/em>, Paris: Linteau,1996 (NA 737 K35 A3512 1996)<\/a><\/li>\n<li><a href=\"https:\/\/vimeo.com\/431537581\" target=\"_blank\" rel=\"noopener noreferrer\"><strong>Koolhaas, Rem, Junkspace : repenser radicalement l\u2019espace urbain<\/strong>, (trad. Daniel Agacinski), Paris : Payot et Rivages, 2011.(NA2542 446652011)<\/a><\/li>\n<li><a href=\"https:\/\/vimeo.com\/431537834\" target=\"_blank\" rel=\"noopener noreferrer\"><strong>Lavin, Sylvia, <em>Form Follows Libido: Architecture and Richard Neutra in a Psychoanalytic Culture<\/em><\/strong>, Cambridge, Mass.: MIT Press, 2005 (NA 737 N4 L38 2005)<\/a><\/li>\n<li><a href=\"https:\/\/vimeo.com\/431537993\" target=\"_blank\" rel=\"noopener noreferrer\"><strong>Leach, n. Turnbull, d. Williams, c. (eds) <\/strong><strong><em>Digital Tectonics<\/em><\/strong><strong>, <\/strong>chichester, west sussex : wiley-academy,\u00a02004 (na 2728 d54 2004 )<\/a><\/li>\n<li><a href=\"https:\/\/vimeo.com\/431538096\" target=\"_blank\" rel=\"noopener noreferrer\"><strong>Lefaivre, Liane; Alexander C. Tzonis, <em>Critical Regionalism: Architecture and Identity in a Globalized World<\/em><\/strong>, Munich: Prestel, 2003 (NA 682 R44 L44 2003)<\/a><\/li>\n<li><a href=\"https:\/\/vimeo.com\/431538253\" target=\"_blank\" rel=\"noopener noreferrer\"><strong>Lynn, Greg, <em>Folds, Bodies and Blobs: Collected Essays<\/em><\/strong>; Bruxelles: La lettre vol\u00e9e, 2004 (NA 27 L96 2004)<\/a><\/li>\n<li><a href=\"https:\/\/vimeo.com\/431538450\" target=\"_blank\" rel=\"noopener noreferrer\"><strong>McDonough, William; Braungart, Michael, Cradle to cradle : cr\u00e9er et recycler \u00e0 l\u2019infini<\/strong>, Paris : Alternatives, 2011 ( TD794.5 M3312 2011)<\/a><\/li>\n<li><a href=\"https:\/\/vimeo.com\/431538666\" target=\"_blank\" rel=\"noopener noreferrer\"><strong>Papadakis, Andreas, Cooke, Catherine, Benjamin, Andrew, <em>Deconstruction: Omnibus volume<\/em><\/strong><em>,<\/em>New York\u00a0: Rizzoli, 1989. (NA 682 D43 D43 1989)<\/a><\/li>\n<li><a href=\"https:\/\/vimeo.com\/431540814\" target=\"_blank\" rel=\"noopener noreferrer\"><strong>Picon, A. <\/strong><strong><em>Culture num\u00e9rique et architecture : une introduction<\/em><\/strong><strong><em>,<\/em><\/strong><em> Basel<\/em> : Birkhauser, 2010 (NA 2750 P53612 2010)<\/a><\/li>\n<li><a href=\"https:\/\/vimeo.com\/431538889\" target=\"_blank\" rel=\"noopener noreferrer\"><strong>Price, Cedric (sous la direction de Hans-Ulrich Obrist), <em>Re: CP<\/em>,<\/strong> B\u00e2le: Birkh\u00e4user, 2003 (NA 997 P75 A4 2003) (NB. Lire surtout les textes de Price et les entrevues avec Price)<\/a><\/li>\n<li><a href=\"https:\/\/vimeo.com\/431539012\" target=\"_blank\" rel=\"noopener noreferrer\"><strong>Rowe, Colin; Fred Koetter, <em>Collage City<\/em><\/strong>, Paris: Centre Pompidou, 1993 [1978] (NA 9050 R6812 1993)(NB. Lire surtout les 3 derniers chapitres)<\/a><\/li>\n<li><a href=\"https:\/\/vimeo.com\/431539180\" target=\"_blank\" rel=\"noopener noreferrer\"><strong>Rudofsky, Bernard, <em>Architecture sans architectes<\/em>,<\/strong> Paris: Ch\u00eane, 1977 (NA 208 R8312 1977)<\/a><\/li>\n<li><a href=\"https:\/\/vimeo.com\/431539379\" target=\"_blank\" rel=\"noopener noreferrer\"><strong>Smithson, Alison (sous la direction de), <em>Team 10 Primer<\/em><\/strong>, Cambridge, Mass.: MIT Press, 1968[1966](NA 2560 S65 1968)<\/a><\/li>\n<li><a href=\"https:\/\/vimeo.com\/431539597\" target=\"_blank\" rel=\"noopener noreferrer\"><strong>Stirling, James (sous la direction de Robert Maxwell), <em>James Stirling: Writings on Architecture<\/em><\/strong>, Gen\u00e8ve: Skira, 1998 (NA 997 S8 A35 1998) (NB. Lire surtout de page 61 \u00e0 165)<\/a><\/li>\n<li><a href=\"https:\/\/vimeo.com\/431539803\" target=\"_blank\" rel=\"noopener noreferrer\"><strong>Ungers, M. O. et Koolhaas, R. <\/strong><strong><em>La ville dans la ville: Berlin : un archipel vert<\/em><\/strong> avec Peter Riemann, Hans Kollhoff et Arthur Ovaska ; \u00e9dition critique de Florian Hertweck et S\u00e9bastien Marot. (1977); Z\u00fcrich, Switzerland: Lars M\u00fcller Publishers; Cologne : UAA Archives\u00a0Ungers\u00a0pour la science architecturale[2013] (NA 9200 B4 H47 2013 )<\/a><\/li>\n<li><a href=\"https:\/\/vimeo.com\/431539946\" target=\"_blank\" rel=\"noopener noreferrer\"><strong>Venturi, Robert; Denise Scott Brown; Steven Izenour, <em>L&#8217;enseignement de Las Vegas<\/em>.<\/strong> 2e \u00e9d, Wavre: Mardaga, 2007 [1972] (NA 735 L3 V4512)<\/a><\/li>\n<li><a href=\"https:\/\/vimeo.com\/431540216\" target=\"_blank\" rel=\"noopener noreferrer\"><strong>Vidler, Anthony, <em>The Architectural Uncanny: Essays in the Modern Unhomely<\/em><\/strong>, Cambridge, Mass.: MIT Press, 1992 (surtout parties 1 et 2) (PN 56 A 73 V53 1992)<\/a><\/li>\n<\/ol>\n<p>[\/vc_column_text][\/vc_column][\/vc_row][vc_row][vc_column][vc_column_text]<\/p>\n<h4><span style=\"color: #ff0000;\">Following an anonymous vote, the students selected these three presentations to receive a $400 prize offered by the Canada Research Chair in Architecture, Competitions and Mediations of Excellence.<\/span><\/h4>\n<pre><a href=\"https:\/\/vimeo.com\/431534817\" target=\"_blank\" rel=\"noopener noreferrer\"><span style=\"color: #ff0000;\"><img loading=\"lazy\" decoding=\"async\" class=\"alignnone wp-image-22153\" src=\"https:\/\/crc.umontreal.ca\/wp-content\/uploads\/2020\/06\/charney-1-300x169.png\" alt=\"\" width=\"598\" height=\"337\" srcset=\"https:\/\/crc.umontreal.ca\/wp-content\/uploads\/2020\/06\/charney-1-300x169.png 300w, https:\/\/crc.umontreal.ca\/wp-content\/uploads\/2020\/06\/charney-1-768x432.png 768w, https:\/\/crc.umontreal.ca\/wp-content\/uploads\/2020\/06\/charney-1-1030x579.png 1030w, https:\/\/crc.umontreal.ca\/wp-content\/uploads\/2020\/06\/charney-1.png 1080w\" sizes=\"auto, (max-width: 598px) 100vw, 598px\" \/><img loading=\"lazy\" decoding=\"async\" class=\"alignnone size-medium wp-image-22584\" src=\"https:\/\/crc.umontreal.ca\/wp-content\/uploads\/2020\/12\/Dyana-Ng-Ying-Kin_Meili-Pradel-Tessier_Rachel-Fafard_Thomas-Poulain--300x300.jpg\" alt=\"\" width=\"300\" height=\"300\" srcset=\"https:\/\/crc.umontreal.ca\/wp-content\/uploads\/2020\/12\/Dyana-Ng-Ying-Kin_Meili-Pradel-Tessier_Rachel-Fafard_Thomas-Poulain--300x300.jpg 300w, https:\/\/crc.umontreal.ca\/wp-content\/uploads\/2020\/12\/Dyana-Ng-Ying-Kin_Meili-Pradel-Tessier_Rachel-Fafard_Thomas-Poulain--1030x1030.jpg 1030w, https:\/\/crc.umontreal.ca\/wp-content\/uploads\/2020\/12\/Dyana-Ng-Ying-Kin_Meili-Pradel-Tessier_Rachel-Fafard_Thomas-Poulain--80x80.jpg 80w, https:\/\/crc.umontreal.ca\/wp-content\/uploads\/2020\/12\/Dyana-Ng-Ying-Kin_Meili-Pradel-Tessier_Rachel-Fafard_Thomas-Poulain--768x768.jpg 768w, https:\/\/crc.umontreal.ca\/wp-content\/uploads\/2020\/12\/Dyana-Ng-Ying-Kin_Meili-Pradel-Tessier_Rachel-Fafard_Thomas-Poulain-.jpg 1500w\" sizes=\"auto, (max-width: 300px) 100vw, 300px\" \/><\/span><\/a>\r\n<span style=\"color: #ff0000;\">Award for the most seriously theoretical video :<\/span>\r\n\r\nLivre :\u00a0<a href=\"https:\/\/vimeo.com\/431534817\" target=\"_blank\" rel=\"noopener noreferrer\"><strong>Charney, Melvin (sous la direction de Louis Martin), <em>Pour une d\u00e9finition de l\u2019architecture au Qu\u00e9bec et autres essais<\/em><\/strong><em>, <\/em>Montr\u00e9al : Potential Architecture Books, 2018. (NB. Lire surtout les textes de Melvin Charney pp 97-252)<\/a>\r\n\r\nGroupe\u00a0: Rachel Fafard, Dyana Danhua Ng Ying Kin, Thomas Poulain, Meili Pradel-Tessier<\/pre>\n<p>&nbsp;<\/p>\n<pre><a href=\"https:\/\/vimeo.com\/431538450\" target=\"_blank\" rel=\"noopener noreferrer\"><span style=\"color: #ff0000;\"><img loading=\"lazy\" decoding=\"async\" class=\"alignnone wp-image-22155\" src=\"https:\/\/crc.umontreal.ca\/wp-content\/uploads\/2020\/06\/Capture-d\u2019\u00e9cran-le-2020-06-29-\u00e0-15.11.44-300x169.png\" alt=\"\" width=\"469\" height=\"264\" srcset=\"https:\/\/crc.umontreal.ca\/wp-content\/uploads\/2020\/06\/Capture-d\u2019\u00e9cran-le-2020-06-29-\u00e0-15.11.44-300x169.png 300w, https:\/\/crc.umontreal.ca\/wp-content\/uploads\/2020\/06\/Capture-d\u2019\u00e9cran-le-2020-06-29-\u00e0-15.11.44-768x432.png 768w, https:\/\/crc.umontreal.ca\/wp-content\/uploads\/2020\/06\/Capture-d\u2019\u00e9cran-le-2020-06-29-\u00e0-15.11.44-1030x579.png 1030w, https:\/\/crc.umontreal.ca\/wp-content\/uploads\/2020\/06\/Capture-d\u2019\u00e9cran-le-2020-06-29-\u00e0-15.11.44.png 1080w\" sizes=\"auto, (max-width: 469px) 100vw, 469px\" \/><img loading=\"lazy\" decoding=\"async\" class=\"alignnone size-medium wp-image-22585\" src=\"https:\/\/crc.umontreal.ca\/wp-content\/uploads\/2020\/12\/Ariane-Corbeil_Clara-Tardif_Beatrice-Moreau-Lefebvre_Camille-Painchaud-300x300.jpg\" alt=\"\" width=\"300\" height=\"300\" srcset=\"https:\/\/crc.umontreal.ca\/wp-content\/uploads\/2020\/12\/Ariane-Corbeil_Clara-Tardif_Beatrice-Moreau-Lefebvre_Camille-Painchaud-300x300.jpg 300w, https:\/\/crc.umontreal.ca\/wp-content\/uploads\/2020\/12\/Ariane-Corbeil_Clara-Tardif_Beatrice-Moreau-Lefebvre_Camille-Painchaud-1030x1030.jpg 1030w, https:\/\/crc.umontreal.ca\/wp-content\/uploads\/2020\/12\/Ariane-Corbeil_Clara-Tardif_Beatrice-Moreau-Lefebvre_Camille-Painchaud-80x80.jpg 80w, https:\/\/crc.umontreal.ca\/wp-content\/uploads\/2020\/12\/Ariane-Corbeil_Clara-Tardif_Beatrice-Moreau-Lefebvre_Camille-Painchaud-768x768.jpg 768w, https:\/\/crc.umontreal.ca\/wp-content\/uploads\/2020\/12\/Ariane-Corbeil_Clara-Tardif_Beatrice-Moreau-Lefebvre_Camille-Painchaud-1536x1536.jpg 1536w, https:\/\/crc.umontreal.ca\/wp-content\/uploads\/2020\/12\/Ariane-Corbeil_Clara-Tardif_Beatrice-Moreau-Lefebvre_Camille-Painchaud-2048x2048.jpg 2048w\" sizes=\"auto, (max-width: 300px) 100vw, 300px\" \/><\/span><\/a>\r\n<span style=\"color: #ff0000;\">Award for the most esthetically theoretical video :<\/span>\r\n\r\nLivre : <a href=\"https:\/\/vimeo.com\/431538450\" target=\"_blank\" rel=\"noopener noreferrer\"><strong>McDonough, William; Braungart, Michael, Cradle to cradle : cr\u00e9er et recycler \u00e0 l\u2019infini<\/strong>, Paris : Alternatives, 2011 ( TD794.5 M3312 2011)<\/a>\r\n\r\nGroupe\u00a0: Ariane Corbeil, B\u00e9atrice Moreau-Lefebvre, Camille Painchaud, Clara Tardif<\/pre>\n<p>&nbsp;<\/p>\n<pre><a href=\"https:\/\/vimeo.com\/431537490\" target=\"_blank\" rel=\"noopener noreferrer\"><span style=\"color: #ff0000;\"><img loading=\"lazy\" decoding=\"async\" class=\"alignnone wp-image-22160\" src=\"https:\/\/crc.umontreal.ca\/wp-content\/uploads\/2020\/06\/Capture-d\u2019\u00e9cran-le-2020-06-29-\u00e0-15.15.44-300x169.png\" alt=\"\" width=\"492\" height=\"277\" srcset=\"https:\/\/crc.umontreal.ca\/wp-content\/uploads\/2020\/06\/Capture-d\u2019\u00e9cran-le-2020-06-29-\u00e0-15.15.44-300x169.png 300w, https:\/\/crc.umontreal.ca\/wp-content\/uploads\/2020\/06\/Capture-d\u2019\u00e9cran-le-2020-06-29-\u00e0-15.15.44-768x432.png 768w, https:\/\/crc.umontreal.ca\/wp-content\/uploads\/2020\/06\/Capture-d\u2019\u00e9cran-le-2020-06-29-\u00e0-15.15.44-1030x579.png 1030w, https:\/\/crc.umontreal.ca\/wp-content\/uploads\/2020\/06\/Capture-d\u2019\u00e9cran-le-2020-06-29-\u00e0-15.15.44.png 1080w\" sizes=\"auto, (max-width: 492px) 100vw, 492px\" \/><img loading=\"lazy\" decoding=\"async\" class=\"alignnone size-medium wp-image-22583\" src=\"https:\/\/crc.umontreal.ca\/wp-content\/uploads\/2020\/12\/Juliette-Mezey_Sarah-Murray_Marc-Andre\u0301-Dubuc_Adam-Mahieddine-300x300.jpg\" alt=\"\" width=\"300\" height=\"300\" srcset=\"https:\/\/crc.umontreal.ca\/wp-content\/uploads\/2020\/12\/Juliette-Mezey_Sarah-Murray_Marc-Andre\u0301-Dubuc_Adam-Mahieddine-300x300.jpg 300w, https:\/\/crc.umontreal.ca\/wp-content\/uploads\/2020\/12\/Juliette-Mezey_Sarah-Murray_Marc-Andre\u0301-Dubuc_Adam-Mahieddine-1030x1030.jpg 1030w, https:\/\/crc.umontreal.ca\/wp-content\/uploads\/2020\/12\/Juliette-Mezey_Sarah-Murray_Marc-Andre\u0301-Dubuc_Adam-Mahieddine-80x80.jpg 80w, https:\/\/crc.umontreal.ca\/wp-content\/uploads\/2020\/12\/Juliette-Mezey_Sarah-Murray_Marc-Andre\u0301-Dubuc_Adam-Mahieddine-768x768.jpg 768w, https:\/\/crc.umontreal.ca\/wp-content\/uploads\/2020\/12\/Juliette-Mezey_Sarah-Murray_Marc-Andre\u0301-Dubuc_Adam-Mahieddine-1536x1536.jpg 1536w, https:\/\/crc.umontreal.ca\/wp-content\/uploads\/2020\/12\/Juliette-Mezey_Sarah-Murray_Marc-Andre\u0301-Dubuc_Adam-Mahieddine-2048x2048.jpg 2048w\" sizes=\"auto, (max-width: 300px) 100vw, 300px\" \/><\/span><\/a>\r\n<span style=\"color: #ff0000;\">Award for the most humorously theoretical video :<\/span>\r\n\r\nLivre :\u00a0<a href=\"https:\/\/vimeo.com\/431537490\" target=\"_blank\" rel=\"noopener noreferrer\"><strong>Kahn, Louis I., <em>Silence et lumi\u00e8re: choix de conf\u00e9rences et d'entretiens<\/em><\/strong><em>, 1955-1974<\/em>, Paris: Linteau,1996 (NA 737 K35 A3512 1996)<\/a>\r\n\r\nGroupe\u00a0: Marc-Andr\u00e9 Dubuc, Adam Mahieddine, Juliette Mezey, Sarah Murray<\/pre>\n<p>[\/vc_column_text][\/vc_column][\/vc_row]<\/p>\n<\/div>","protected":false},"excerpt":{"rendered":"<p>[vc_row][vc_column][vc_column_text] ARC2104: Th\u00e9ories du projet architectural. Prof. Jean-Pierre Chupin (Video presentations by teams of students. Winter 2020) Reading list of prominent books published between 1960 and 2020 for individual and collective work (winter 2020) Click on the book titles to access the video presentations made by each group of second-year students in the Bachelor of &#8230; <a title=\"ARC2104-travaux2020\" class=\"read-more\" href=\"https:\/\/crc.umontreal.ca\/en\/arc2104-travaux2020\/\" aria-label=\"Read more about ARC2104-travaux2020\">Read more<\/a><\/p>\n","protected":false},"author":1,"featured_media":0,"parent":0,"menu_order":0,"comment_status":"closed","ping_status":"closed","template":"","meta":{"_acf_changed":false,"footnotes":""},"class_list":["post-22115","page","type-page","status-publish"],"translation":{"provider":"WPGlobus","version":"3.0.2","language":"en","enabled_languages":["fr","en"],"languages":{"fr":{"title":true,"content":true,"excerpt":false},"en":{"title":false,"content":true,"excerpt":false}}},"acf":[],"yoast_head":"<!-- This site is optimized with the Yoast SEO plugin v25.9 - https:\/\/yoast.com\/wordpress\/plugins\/seo\/ -->\n<title>ARC2104-travaux2020 - CANADA RESEARCH CHAIR IN ARCHITECTURE, COMPETITIONS and QUALITY<\/title>\n<meta name=\"robots\" content=\"index, follow, max-snippet:-1, max-image-preview:large, max-video-preview:-1\" \/>\n<link rel=\"canonical\" href=\"https:\/\/crc.umontreal.ca\/arc2104-travaux2020\/\" \/>\n<meta property=\"og:locale\" content=\"en_US\" \/>\n<meta property=\"og:type\" content=\"article\" \/>\n<meta property=\"og:title\" content=\"ARC2104-travaux2020 - CANADA RESEARCH CHAIR IN ARCHITECTURE, COMPETITIONS and QUALITY\" \/>\n<meta property=\"og:url\" content=\"https:\/\/crc.umontreal.ca\/arc2104-travaux2020\/\" \/>\n<meta property=\"og:site_name\" content=\"CANADA RESEARCH CHAIR IN ARCHITECTURE, COMPETITIONS and QUALITY\" \/>\n<meta property=\"article:modified_time\" content=\"2020-12-21T20:21:28+00:00\" \/>\n<meta property=\"og:image\" content=\"https:\/\/crc.umontreal.ca\/wp-content\/uploads\/2020\/06\/charney-1-300x169.png\" \/>\n<meta name=\"twitter:card\" content=\"summary_large_image\" \/>\n<meta name=\"twitter:label1\" content=\"Est. reading time\" \/>\n\t<meta name=\"twitter:data1\" content=\"8 minutes\" \/>\n<script type=\"application\/ld+json\" class=\"yoast-schema-graph\">{\"@context\":\"https:\/\/schema.org\",\"@graph\":[{\"@type\":\"WebPage\",\"@id\":\"https:\/\/crc.umontreal.ca\/arc2104-travaux2020\/\",\"url\":\"https:\/\/crc.umontreal.ca\/arc2104-travaux2020\/\",\"name\":\"ARC2104-travaux2020 - CANADA RESEARCH CHAIR IN ARCHITECTURE, COMPETITIONS and QUALITY\",\"isPartOf\":{\"@id\":\"https:\/\/crc.umontreal.ca\/#website\"},\"primaryImageOfPage\":{\"@id\":\"https:\/\/crc.umontreal.ca\/arc2104-travaux2020\/#primaryimage\"},\"image\":{\"@id\":\"https:\/\/crc.umontreal.ca\/arc2104-travaux2020\/#primaryimage\"},\"thumbnailUrl\":\"https:\/\/crc.umontreal.ca\/wp-content\/uploads\/2020\/06\/charney-1-300x169.png\",\"datePublished\":\"2020-06-29T17:42:36+00:00\",\"dateModified\":\"2020-12-21T20:21:28+00:00\",\"breadcrumb\":{\"@id\":\"https:\/\/crc.umontreal.ca\/arc2104-travaux2020\/#breadcrumb\"},\"inLanguage\":\"en-US\",\"potentialAction\":[{\"@type\":\"ReadAction\",\"target\":[\"https:\/\/crc.umontreal.ca\/arc2104-travaux2020\/\"]}]},{\"@type\":\"ImageObject\",\"inLanguage\":\"en-US\",\"@id\":\"https:\/\/crc.umontreal.ca\/arc2104-travaux2020\/#primaryimage\",\"url\":\"https:\/\/crc.umontreal.ca\/wp-content\/uploads\/2020\/06\/charney-1-300x169.png\",\"contentUrl\":\"https:\/\/crc.umontreal.ca\/wp-content\/uploads\/2020\/06\/charney-1-300x169.png\"},{\"@type\":\"BreadcrumbList\",\"@id\":\"https:\/\/crc.umontreal.ca\/arc2104-travaux2020\/#breadcrumb\",\"itemListElement\":[{\"@type\":\"ListItem\",\"position\":1,\"name\":\"Accueil\",\"item\":\"https:\/\/crc.umontreal.ca\/\"},{\"@type\":\"ListItem\",\"position\":2,\"name\":\"ARC2104-travaux2020\"}]},{\"@type\":\"WebSite\",\"@id\":\"https:\/\/crc.umontreal.ca\/#website\",\"url\":\"https:\/\/crc.umontreal.ca\/\",\"name\":\"%%sitedesc%%\",\"description\":\"&lt;span class=&quot;titre_entete_div&quot;&gt;Canada Research Chair in&lt;\/span&gt;&lt;br&gt;&lt;span class=&quot;titre_entete_div&quot;&gt;Architecture, Competitions and Quality (CRC-ACQUA)&lt;\/span&gt;\",\"publisher\":{\"@id\":\"https:\/\/crc.umontreal.ca\/#organization\"},\"potentialAction\":[{\"@type\":\"SearchAction\",\"target\":{\"@type\":\"EntryPoint\",\"urlTemplate\":\"https:\/\/crc.umontreal.ca\/?s={search_term_string}\"},\"query-input\":{\"@type\":\"PropertyValueSpecification\",\"valueRequired\":true,\"valueName\":\"search_term_string\"}}],\"inLanguage\":\"en-US\"},{\"@type\":\"Organization\",\"@id\":\"https:\/\/crc.umontreal.ca\/#organization\",\"name\":\"%%sitedesc%%\",\"url\":\"https:\/\/crc.umontreal.ca\/\",\"logo\":{\"@type\":\"ImageObject\",\"inLanguage\":\"en-US\",\"@id\":\"https:\/\/crc.umontreal.ca\/#\/schema\/logo\/image\/\",\"url\":\"https:\/\/crc.umontreal.ca\/wp-content\/uploads\/2025\/10\/cropped-CRC_ACQUA.png\",\"contentUrl\":\"https:\/\/crc.umontreal.ca\/wp-content\/uploads\/2025\/10\/cropped-CRC_ACQUA.png\",\"width\":1099,\"height\":1099,\"caption\":\"%%sitedesc%%\"},\"image\":{\"@id\":\"https:\/\/crc.umontreal.ca\/#\/schema\/logo\/image\/\"}}]}<\/script>\n<!-- \/ Yoast SEO plugin. -->","yoast_head_json":{"title":"ARC2104-travaux2020 - CANADA RESEARCH CHAIR IN ARCHITECTURE, COMPETITIONS and QUALITY","robots":{"index":"index","follow":"follow","max-snippet":"max-snippet:-1","max-image-preview":"max-image-preview:large","max-video-preview":"max-video-preview:-1"},"canonical":"https:\/\/crc.umontreal.ca\/arc2104-travaux2020\/","og_locale":"en_US","og_type":"article","og_title":"ARC2104-travaux2020 - CANADA RESEARCH CHAIR IN ARCHITECTURE, COMPETITIONS and QUALITY","og_url":"https:\/\/crc.umontreal.ca\/arc2104-travaux2020\/","og_site_name":"CANADA RESEARCH CHAIR IN ARCHITECTURE, COMPETITIONS and QUALITY","article_modified_time":"2020-12-21T20:21:28+00:00","og_image":[{"url":"https:\/\/crc.umontreal.ca\/wp-content\/uploads\/2020\/06\/charney-1-300x169.png","type":"","width":"","height":""}],"twitter_card":"summary_large_image","twitter_misc":{"Est. reading time":"8 minutes"},"schema":{"@context":"https:\/\/schema.org","@graph":[{"@type":"WebPage","@id":"https:\/\/crc.umontreal.ca\/arc2104-travaux2020\/","url":"https:\/\/crc.umontreal.ca\/arc2104-travaux2020\/","name":"ARC2104-travaux2020 - CANADA RESEARCH CHAIR IN ARCHITECTURE, COMPETITIONS and QUALITY","isPartOf":{"@id":"https:\/\/crc.umontreal.ca\/#website"},"primaryImageOfPage":{"@id":"https:\/\/crc.umontreal.ca\/arc2104-travaux2020\/#primaryimage"},"image":{"@id":"https:\/\/crc.umontreal.ca\/arc2104-travaux2020\/#primaryimage"},"thumbnailUrl":"https:\/\/crc.umontreal.ca\/wp-content\/uploads\/2020\/06\/charney-1-300x169.png","datePublished":"2020-06-29T17:42:36+00:00","dateModified":"2020-12-21T20:21:28+00:00","breadcrumb":{"@id":"https:\/\/crc.umontreal.ca\/arc2104-travaux2020\/#breadcrumb"},"inLanguage":"en-US","potentialAction":[{"@type":"ReadAction","target":["https:\/\/crc.umontreal.ca\/arc2104-travaux2020\/"]}]},{"@type":"ImageObject","inLanguage":"en-US","@id":"https:\/\/crc.umontreal.ca\/arc2104-travaux2020\/#primaryimage","url":"https:\/\/crc.umontreal.ca\/wp-content\/uploads\/2020\/06\/charney-1-300x169.png","contentUrl":"https:\/\/crc.umontreal.ca\/wp-content\/uploads\/2020\/06\/charney-1-300x169.png"},{"@type":"BreadcrumbList","@id":"https:\/\/crc.umontreal.ca\/arc2104-travaux2020\/#breadcrumb","itemListElement":[{"@type":"ListItem","position":1,"name":"Accueil","item":"https:\/\/crc.umontreal.ca\/"},{"@type":"ListItem","position":2,"name":"ARC2104-travaux2020"}]},{"@type":"WebSite","@id":"https:\/\/crc.umontreal.ca\/#website","url":"https:\/\/crc.umontreal.ca\/","name":"%%sitedesc%%","description":"&lt;span class=&quot;titre_entete_div&quot;&gt;Canada Research Chair in&lt;\/span&gt;&lt;br&gt;&lt;span class=&quot;titre_entete_div&quot;&gt;Architecture, Competitions and Quality (CRC-ACQUA)&lt;\/span&gt;","publisher":{"@id":"https:\/\/crc.umontreal.ca\/#organization"},"potentialAction":[{"@type":"SearchAction","target":{"@type":"EntryPoint","urlTemplate":"https:\/\/crc.umontreal.ca\/?s={search_term_string}"},"query-input":{"@type":"PropertyValueSpecification","valueRequired":true,"valueName":"search_term_string"}}],"inLanguage":"en-US"},{"@type":"Organization","@id":"https:\/\/crc.umontreal.ca\/#organization","name":"%%sitedesc%%","url":"https:\/\/crc.umontreal.ca\/","logo":{"@type":"ImageObject","inLanguage":"en-US","@id":"https:\/\/crc.umontreal.ca\/#\/schema\/logo\/image\/","url":"https:\/\/crc.umontreal.ca\/wp-content\/uploads\/2025\/10\/cropped-CRC_ACQUA.png","contentUrl":"https:\/\/crc.umontreal.ca\/wp-content\/uploads\/2025\/10\/cropped-CRC_ACQUA.png","width":1099,"height":1099,"caption":"%%sitedesc%%"},"image":{"@id":"https:\/\/crc.umontreal.ca\/#\/schema\/logo\/image\/"}}]}},"_links":{"self":[{"href":"https:\/\/crc.umontreal.ca\/en\/wp-json\/wp\/v2\/pages\/22115","targetHints":{"allow":["GET"]}}],"collection":[{"href":"https:\/\/crc.umontreal.ca\/en\/wp-json\/wp\/v2\/pages"}],"about":[{"href":"https:\/\/crc.umontreal.ca\/en\/wp-json\/wp\/v2\/types\/page"}],"author":[{"embeddable":true,"href":"https:\/\/crc.umontreal.ca\/en\/wp-json\/wp\/v2\/users\/1"}],"replies":[{"embeddable":true,"href":"https:\/\/crc.umontreal.ca\/en\/wp-json\/wp\/v2\/comments?post=22115"}],"version-history":[{"count":64,"href":"https:\/\/crc.umontreal.ca\/en\/wp-json\/wp\/v2\/pages\/22115\/revisions"}],"predecessor-version":[{"id":22588,"href":"https:\/\/crc.umontreal.ca\/en\/wp-json\/wp\/v2\/pages\/22115\/revisions\/22588"}],"wp:attachment":[{"href":"https:\/\/crc.umontreal.ca\/en\/wp-json\/wp\/v2\/media?parent=22115"}],"curies":[{"name":"wp","href":"https:\/\/api.w.org\/{rel}","templated":true}]}}