{"id":3576,"date":"2016-05-18T20:48:03","date_gmt":"2016-05-18T20:48:03","guid":{"rendered":"http:\/\/humaneco.ca\/leap\/?page_id=384"},"modified":"2024-05-20T14:11:25","modified_gmt":"2024-05-20T19:11:25","slug":"ressources","status":"publish","type":"page","link":"https:\/\/crc.umontreal.ca\/en\/ressources\/","title":{"rendered":"RESSOURCES"},"content":{"rendered":"<div class=\"wpb-content-wrapper\"><p>[vc_row][vc_column][vc_custom_heading text=&#8221;LIVING ATLAS OF QUALITY IN ARCHITECTURE AND THE BUILT ENVIRONMENT (since 2022, opens in new window)&#8221; font_container=&#8221;tag:h3|text_align:left|color:%231e73be&#8221; google_fonts=&#8221;font_family:Open%20Sans%20Condensed%3A300%2C300italic%2C700|font_style:700%20bold%20regular%3A700%3Anormal&#8221; css=&#8221;&#8221; link=&#8221;url:https%3A%2F%2Flivingatlasofquality.ca%2Fhome%23|target:_blank&#8221;][vc_separator border_width=&#8221;4&#8243;][\/vc_column][\/vc_row][vc_row][vc_column][vc_custom_heading text=&#8221;EDITORIALS OF THE CANADIAN COMPETITIONS CATALOGUE (since 2006, opens in new window)&#8221; font_container=&#8221;tag:h3|text_align:left|color:%231e73be&#8221; google_fonts=&#8221;font_family:Open%20Sans%20Condensed%3A300%2C300italic%2C700|font_style:700%20bold%20regular%3A700%3Anormal&#8221; css=&#8221;&#8221; link=&#8221;url:https%3A%2F%2Fccc.umontreal.ca%2Feditoriaux.php%3Flang%3Den||target:%20_blank|&#8221;][vc_separator border_width=&#8221;4&#8243;][\/vc_column][\/vc_row][vc_row][vc_column][vc_custom_heading text=&#8221;DIRECTORY OF WEBSITES ON COMPETITIONS IN THE WORLD (+100 links, opens in new window)&#8221; font_container=&#8221;tag:h3|text_align:left|color:%231e73be&#8221; google_fonts=&#8221;font_family:Open%20Sans%20Condensed%3A300%2C300italic%2C700|font_style:700%20bold%20regular%3A700%3Anormal&#8221; link=&#8221;url:http%3A%2F%2Fcrc.umontreal.ca%2Fen%2Fconcours-dans-le-monde%2F||target:%20_blank|&#8221;][vc_separator border_width=&#8221;4&#8243;][\/vc_column][\/vc_row][vc_row][vc_column][vc_custom_heading text=&#8221;DOCUMENTARY DATABASES&#8221; font_container=&#8221;tag:h3|text_align:left&#8221; google_fonts=&#8221;font_family:Open%20Sans%20Condensed%3A300%2C300italic%2C700|font_style:700%20bold%20regular%3A700%3Anormal&#8221;][vc_separator border_width=&#8221;4&#8243;][vc_single_image image=&#8221;26644&#8243; img_size=&#8221;550&#215;272&#8243; onclick=&#8221;custom_link&#8221; img_link_target=&#8221;_blank&#8221; css=&#8221;&#8221; link=&#8221;https:\/\/architecture-excellence.org\/&#8221;][\/vc_column][\/vc_row][vc_row][vc_column width=&#8221;1\/2&#8243; css=&#8221;.vc_custom_1534855235067{background-color: #82cbe0 !important;border-radius: 2px !important;}&#8221;][vc_column_text]<a href=\"http:\/\/www.ccc.umontreal.ca\/index.php?lang=en\" target=\"_blank\" rel=\"noopener noreferrer\"><img loading=\"lazy\" decoding=\"async\" class=\"alignnone wp-image-17883 size-full\" src=\"http:\/\/crc.umontreal.ca\/wp-content\/uploads\/2016\/05\/CCCEN.jpg\" alt=\"CCCEN\" width=\"735\" height=\"240\" srcset=\"https:\/\/crc.umontreal.ca\/wp-content\/uploads\/2016\/05\/CCCEN.jpg 735w, https:\/\/crc.umontreal.ca\/wp-content\/uploads\/2016\/05\/CCCEN-300x98.jpg 300w, https:\/\/crc.umontreal.ca\/wp-content\/uploads\/2016\/05\/CCCEN-640x209.jpg 640w, https:\/\/crc.umontreal.ca\/wp-content\/uploads\/2016\/05\/CCCEN-400x131.jpg 400w, https:\/\/crc.umontreal.ca\/wp-content\/uploads\/2016\/05\/CCCEN-180x59.jpg 180w\" sizes=\"auto, (max-width: 735px) 100vw, 735px\" \/><\/a>[\/vc_column_text][\/vc_column][vc_column width=&#8221;1\/2&#8243;][vc_column_text]<a href=\"http:\/\/europan.umontreal.ca\/listsessions.php?langid=2\" target=\"_blank\" rel=\"noopener noreferrer\"><img loading=\"lazy\" decoding=\"async\" class=\"alignnone wp-image-17885 size-full\" src=\"http:\/\/crc.umontreal.ca\/wp-content\/uploads\/2016\/05\/europan2en.jpg\" alt=\"europan2en\" width=\"735\" height=\"240\" srcset=\"https:\/\/crc.umontreal.ca\/wp-content\/uploads\/2016\/05\/europan2en.jpg 735w, https:\/\/crc.umontreal.ca\/wp-content\/uploads\/2016\/05\/europan2en-300x98.jpg 300w, https:\/\/crc.umontreal.ca\/wp-content\/uploads\/2016\/05\/europan2en-640x209.jpg 640w, https:\/\/crc.umontreal.ca\/wp-content\/uploads\/2016\/05\/europan2en-400x131.jpg 400w, https:\/\/crc.umontreal.ca\/wp-content\/uploads\/2016\/05\/europan2en-180x59.jpg 180w\" sizes=\"auto, (max-width: 735px) 100vw, 735px\" \/><\/a>[\/vc_column_text][\/vc_column][\/vc_row][vc_row][vc_column][vc_custom_heading text=&#8221;PUBLICATIONS IN DIGITAL FORMAT&#8221; font_container=&#8221;tag:h3|text_align:left&#8221; google_fonts=&#8221;font_family:Open%20Sans%20Condensed%3A300%2C300italic%2C700|font_style:700%20bold%20regular%3A700%3Anormal&#8221;][vc_separator border_width=&#8221;4&#8243;][\/vc_column][\/vc_row][vc_row][vc_column width=&#8221;1\/4&#8243;][vc_column_text]<img loading=\"lazy\" decoding=\"async\" class=\"alignnone size-medium wp-image-16555\" src=\"http:\/\/crc.umontreal.ca\/wp-content\/uploads\/2016\/12\/Europan-France-240x300.jpg\" alt=\"europan-france\" width=\"240\" height=\"300\" srcset=\"https:\/\/crc.umontreal.ca\/wp-content\/uploads\/2016\/12\/Europan-France-240x300.jpg 240w, https:\/\/crc.umontreal.ca\/wp-content\/uploads\/2016\/12\/Europan-France-288x360.jpg 288w, https:\/\/crc.umontreal.ca\/wp-content\/uploads\/2016\/12\/Europan-France-180x225.jpg 180w, https:\/\/crc.umontreal.ca\/wp-content\/uploads\/2016\/12\/Europan-France-108x135.jpg 108w, https:\/\/crc.umontreal.ca\/wp-content\/uploads\/2016\/12\/Europan-France.jpg 400w\" sizes=\"auto, (max-width: 240px) 100vw, 240px\" \/><\/p>\n<p><strong>EUROPAN FRANCE \u00ab\u00a0VU DU CANADA\u00a0\u00bb<\/strong><\/p>\n<div class=\"couleur-font-gris\">edited by Jean-Pierre Chupin, Ed., avec Adamczyk G, Beaudet G et Tischer S<\/div>\n<div class=\"couleur-font-gris\"><\/div>\n<div class=\"couleur-font-gris\">.pdf (10 megs) upon request\u00a0to\u00a0Jean-Pierre Chupin<\/div>\n<p>[\/vc_column_text][\/vc_column][\/vc_row][vc_row][vc_column][vc_custom_heading text=&#8221;COLLECTIVE BOOKS, RESEARCH NOTES AND COLLECTIONS&#8221; font_container=&#8221;tag:h3|text_align:left&#8221; google_fonts=&#8221;font_family:Open%20Sans%20Condensed%3A300%2C300italic%2C700|font_style:700%20bold%20regular%3A700%3Anormal&#8221;][vc_separator border_width=&#8221;4&#8243;][\/vc_column][\/vc_row][vc_row][vc_column width=&#8221;1\/2&#8243; css=&#8221;.vc_custom_1516121059548{background-color: #dddddd !important;}&#8221;][vc_column_text css=&#8221;.vc_custom_1534854895883{background-color: #e8e8e8 !important;}&#8221;]<img loading=\"lazy\" decoding=\"async\" class=\"alignnone wp-image-19130\" src=\"http:\/\/crc.umontreal.ca\/wp-content\/uploads\/2018\/08\/cahiers2cover-223x300.jpg\" alt=\"\" width=\"184\" height=\"247\" srcset=\"https:\/\/crc.umontreal.ca\/wp-content\/uploads\/2018\/08\/cahiers2cover-223x300.jpg 223w, https:\/\/crc.umontreal.ca\/wp-content\/uploads\/2018\/08\/cahiers2cover-768x1034.jpg 768w, https:\/\/crc.umontreal.ca\/wp-content\/uploads\/2018\/08\/cahiers2cover-765x1030.jpg 765w, https:\/\/crc.umontreal.ca\/wp-content\/uploads\/2018\/08\/cahiers2cover-800x1077.jpg 800w, https:\/\/crc.umontreal.ca\/wp-content\/uploads\/2018\/08\/cahiers2cover-1000x1347.jpg 1000w, https:\/\/crc.umontreal.ca\/wp-content\/uploads\/2018\/08\/cahiers2cover-267x360.jpg 267w, https:\/\/crc.umontreal.ca\/wp-content\/uploads\/2018\/08\/cahiers2cover-167x225.jpg 167w, https:\/\/crc.umontreal.ca\/wp-content\/uploads\/2018\/08\/cahiers2cover-100x135.jpg 100w, https:\/\/crc.umontreal.ca\/wp-content\/uploads\/2018\/08\/cahiers2cover-401x540.jpg 401w\" sizes=\"auto, (max-width: 184px) 100vw, 184px\" \/><a href=\"http:\/\/potentialarchitecturebooks.com\/pac001-architecture-competitions-and-the-production-of-culture\/\" target=\"_blank\" rel=\"noopener noreferrer\"><img loading=\"lazy\" decoding=\"async\" class=\"wp-image-18985 alignleft\" src=\"http:\/\/crc.umontreal.ca\/wp-content\/uploads\/2016\/05\/cfe-2-248x300.jpg\" alt=\"\" width=\"198\" height=\"240\" \/><img loading=\"lazy\" decoding=\"async\" class=\"alignleft wp-image-17399\" src=\"http:\/\/crc.umontreal.ca\/wp-content\/uploads\/2016\/05\/page_1_thumb_large-240x300.jpg\" alt=\"page_1_thumb_large\" width=\"213\" height=\"266\" srcset=\"https:\/\/crc.umontreal.ca\/wp-content\/uploads\/2016\/05\/page_1_thumb_large-240x300.jpg 240w, https:\/\/crc.umontreal.ca\/wp-content\/uploads\/2016\/05\/page_1_thumb_large-288x360.jpg 288w, https:\/\/crc.umontreal.ca\/wp-content\/uploads\/2016\/05\/page_1_thumb_large-180x225.jpg 180w, https:\/\/crc.umontreal.ca\/wp-content\/uploads\/2016\/05\/page_1_thumb_large-108x135.jpg 108w, https:\/\/crc.umontreal.ca\/wp-content\/uploads\/2016\/05\/page_1_thumb_large.jpg 320w\" sizes=\"auto, (max-width: 213px) 100vw, 213px\" \/><\/a>\u00a0<a href=\"http:\/\/potentialarchitecturebooks.com\/pac003-concourir-lexcellence-en-architecture\/\" target=\"_blank\" rel=\"noopener noreferrer\"><img loading=\"lazy\" decoding=\"async\" class=\"wp-image-17400 alignright\" src=\"http:\/\/crc.umontreal.ca\/wp-content\/uploads\/2016\/05\/page_1_thumb_large1-238x300.jpg\" alt=\"page_1_thumb_large1\" width=\"195\" height=\"245\" srcset=\"https:\/\/crc.umontreal.ca\/wp-content\/uploads\/2016\/05\/page_1_thumb_large1-238x300.jpg 238w, https:\/\/crc.umontreal.ca\/wp-content\/uploads\/2016\/05\/page_1_thumb_large1-286x360.jpg 286w, https:\/\/crc.umontreal.ca\/wp-content\/uploads\/2016\/05\/page_1_thumb_large1-179x225.jpg 179w, https:\/\/crc.umontreal.ca\/wp-content\/uploads\/2016\/05\/page_1_thumb_large1-107x135.jpg 107w, https:\/\/crc.umontreal.ca\/wp-content\/uploads\/2016\/05\/page_1_thumb_large1.jpg 320w\" sizes=\"auto, (max-width: 195px) 100vw, 195px\" \/><\/a><a href=\"http:\/\/potentialarchitecturebooks.com\" target=\"_blank\" rel=\"noopener noreferrer\"><img loading=\"lazy\" decoding=\"async\" class=\"wp-image-17541 alignright\" src=\"http:\/\/crc.umontreal.ca\/wp-content\/uploads\/2016\/05\/97LCD-cover-v11-copie-001-241x300.jpg\" alt=\"97LCD-cover-v11-copie-001\" width=\"190\" height=\"236\" srcset=\"https:\/\/crc.umontreal.ca\/wp-content\/uploads\/2016\/05\/97LCD-cover-v11-copie-001-241x300.jpg 241w, https:\/\/crc.umontreal.ca\/wp-content\/uploads\/2016\/05\/97LCD-cover-v11-copie-001-768x956.jpg 768w, https:\/\/crc.umontreal.ca\/wp-content\/uploads\/2016\/05\/97LCD-cover-v11-copie-001-827x1030.jpg 827w, https:\/\/crc.umontreal.ca\/wp-content\/uploads\/2016\/05\/97LCD-cover-v11-copie-001-800x996.jpg 800w, https:\/\/crc.umontreal.ca\/wp-content\/uploads\/2016\/05\/97LCD-cover-v11-copie-001-1000x1245.jpg 1000w, https:\/\/crc.umontreal.ca\/wp-content\/uploads\/2016\/05\/97LCD-cover-v11-copie-001-289x360.jpg 289w, https:\/\/crc.umontreal.ca\/wp-content\/uploads\/2016\/05\/97LCD-cover-v11-copie-001-181x225.jpg 181w, https:\/\/crc.umontreal.ca\/wp-content\/uploads\/2016\/05\/97LCD-cover-v11-copie-001-108x135.jpg 108w, https:\/\/crc.umontreal.ca\/wp-content\/uploads\/2016\/05\/97LCD-cover-v11-copie-001-434x540.jpg 434w, https:\/\/crc.umontreal.ca\/wp-content\/uploads\/2016\/05\/97LCD-cover-v11-copie-001.jpg 1068w\" sizes=\"auto, (max-width: 190px) 100vw, 190px\" \/><\/a>[\/vc_column_text][vc_column_text][\/vc_column_text][\/vc_column][vc_column width=&#8221;1\/2&#8243;][vc_column_text]<a href=\"https:\/\/www.infolio.ch\" target=\"_blank\" rel=\"noopener noreferrer\"><img loading=\"lazy\" decoding=\"async\" class=\"alignnone wp-image-17552\" src=\"http:\/\/crc.umontreal.ca\/wp-content\/uploads\/2016\/05\/pink_infolio-label-grand.jpg\" alt=\"pink_infolio-label-grand\" width=\"442\" height=\"42\" srcset=\"https:\/\/crc.umontreal.ca\/wp-content\/uploads\/2016\/05\/pink_infolio-label-grand.jpg 884w, https:\/\/crc.umontreal.ca\/wp-content\/uploads\/2016\/05\/pink_infolio-label-grand-300x29.jpg 300w, https:\/\/crc.umontreal.ca\/wp-content\/uploads\/2016\/05\/pink_infolio-label-grand-768x74.jpg 768w, https:\/\/crc.umontreal.ca\/wp-content\/uploads\/2016\/05\/pink_infolio-label-grand-800x77.jpg 800w, https:\/\/crc.umontreal.ca\/wp-content\/uploads\/2016\/05\/pink_infolio-label-grand-640x62.jpg 640w, https:\/\/crc.umontreal.ca\/wp-content\/uploads\/2016\/05\/pink_infolio-label-grand-400x38.jpg 400w, https:\/\/crc.umontreal.ca\/wp-content\/uploads\/2016\/05\/pink_infolio-label-grand-180x17.jpg 180w\" sizes=\"auto, (max-width: 442px) 100vw, 442px\" \/><\/a><\/p>\n<p><b>Under the supervision\u00a0of Jean-Pierre Chupin and\u00a0Paolo Amaldi<\/b>[\/vc_column_text][vc_column_text]<a href=\"https:\/\/www.infolio.ch\/livre\/l\u2019architecture-des-lieux.htm\" target=\"_blank\" rel=\"noopener noreferrer\"><img loading=\"lazy\" decoding=\"async\" class=\"alignnone wp-image-17391\" src=\"http:\/\/crc.umontreal.ca\/wp-content\/uploads\/2016\/05\/infolio_cover_2-200x300.jpg\" alt=\"infolio_cover_2\" width=\"139\" height=\"209\" srcset=\"https:\/\/crc.umontreal.ca\/wp-content\/uploads\/2016\/05\/infolio_cover_2-200x300.jpg 200w, https:\/\/crc.umontreal.ca\/wp-content\/uploads\/2016\/05\/infolio_cover_2-240x360.jpg 240w, https:\/\/crc.umontreal.ca\/wp-content\/uploads\/2016\/05\/infolio_cover_2-150x225.jpg 150w, https:\/\/crc.umontreal.ca\/wp-content\/uploads\/2016\/05\/infolio_cover_2-90x135.jpg 90w, https:\/\/crc.umontreal.ca\/wp-content\/uploads\/2016\/05\/infolio_cover_2-360x540.jpg 360w, https:\/\/crc.umontreal.ca\/wp-content\/uploads\/2016\/05\/infolio_cover_2.jpg 500w\" sizes=\"auto, (max-width: 139px) 100vw, 139px\" \/><\/a><a href=\"https:\/\/www.infolio.ch\/livre\/analogie-et-theorie-en-architecture.htm?from_search=4c656585cb6ca0.19354892\" target=\"_blank\" rel=\"noopener noreferrer\"><img loading=\"lazy\" decoding=\"async\" class=\"alignnone wp-image-17393\" src=\"http:\/\/crc.umontreal.ca\/wp-content\/uploads\/2016\/05\/JPC-book-analogie-cover-200x300.jpg\" alt=\"JPC-book-analogie-cover\" width=\"140\" height=\"209\" srcset=\"https:\/\/crc.umontreal.ca\/wp-content\/uploads\/2016\/05\/JPC-book-analogie-cover-200x300.jpg 200w, https:\/\/crc.umontreal.ca\/wp-content\/uploads\/2016\/05\/JPC-book-analogie-cover-240x360.jpg 240w, https:\/\/crc.umontreal.ca\/wp-content\/uploads\/2016\/05\/JPC-book-analogie-cover-150x225.jpg 150w, https:\/\/crc.umontreal.ca\/wp-content\/uploads\/2016\/05\/JPC-book-analogie-cover-90x135.jpg 90w, https:\/\/crc.umontreal.ca\/wp-content\/uploads\/2016\/05\/JPC-book-analogie-cover-361x540.jpg 361w, https:\/\/crc.umontreal.ca\/wp-content\/uploads\/2016\/05\/JPC-book-analogie-cover.jpg 400w\" sizes=\"auto, (max-width: 140px) 100vw, 140px\" \/><\/a><a href=\"https:\/\/www.infolio.ch\/livre\/architecture-profondeur-mouvement.htm\" target=\"_blank\" rel=\"noopener noreferrer\"><img loading=\"lazy\" decoding=\"async\" class=\"alignnone wp-image-17392\" src=\"http:\/\/crc.umontreal.ca\/wp-content\/uploads\/2016\/05\/infolio_cover_3-200x300.jpg\" alt=\"infolio_cover_3\" width=\"139\" height=\"209\" srcset=\"https:\/\/crc.umontreal.ca\/wp-content\/uploads\/2016\/05\/infolio_cover_3-200x300.jpg 200w, https:\/\/crc.umontreal.ca\/wp-content\/uploads\/2016\/05\/infolio_cover_3-240x360.jpg 240w, https:\/\/crc.umontreal.ca\/wp-content\/uploads\/2016\/05\/infolio_cover_3-150x225.jpg 150w, https:\/\/crc.umontreal.ca\/wp-content\/uploads\/2016\/05\/infolio_cover_3-90x135.jpg 90w, https:\/\/crc.umontreal.ca\/wp-content\/uploads\/2016\/05\/infolio_cover_3-360x540.jpg 360w, https:\/\/crc.umontreal.ca\/wp-content\/uploads\/2016\/05\/infolio_cover_3.jpg 500w\" sizes=\"auto, (max-width: 139px) 100vw, 139px\" \/><\/a>[\/vc_column_text][vc_column_text]<\/p>\n<p class=\"couleur-font-gris\"><b>La collection Archigraphy PROJET &amp; TH\u00c9ORIE<\/b>\u00a0se donne un mandat prospectif, \u00e0 la recherche de points de vue r\u00e9flexifs sur le projet d\u2019architecture : dans sa relation \u00e0 la ville comme au grand territoire. Le comit\u00e9 scientifique fait appel \u00e0 un r\u00e9seau international de correspondants universitaires * afin d\u2019identifier, de s\u00e9lectionner et de promouvoir des textes engageant des questions et des enjeux de l\u2019architecture contemporaine, tant dans sa conception, que dans sa production. Rassemblant des ouvrages assumant aussi une vocation p\u00e9dagogique, Archigraphy Projet &amp; Th\u00e9orie accueille des recherches construites sur des questionnements disciplinaires, sur l\u2019histoire des id\u00e9es ou sur des analyses de projets ouvrant, potentiellement, sur des concepts op\u00e9ratoires.<\/p>\n<p class=\"couleur-font-gris\">Contact :<\/p>\n<div>\n<p class=\"couleur-font-gris\">Jean-Pierre Chupin (Montr\u00e9al) :\u00a0\u00a0jean-pierre.chupin@umontreal.ca<\/p>\n<p class=\"couleur-font-gris\">Paolo Amaldi (Gen\u00e8ve et Versailles) :\u00a0amaldi@amaldi-neder.com<\/p>\n<\/div>\n<p>[\/vc_column_text][\/vc_column][\/vc_row]<\/p>\n<\/div>","protected":false},"excerpt":{"rendered":"<p>[vc_row][vc_column][vc_custom_heading text=&#8221;LIVING ATLAS OF QUALITY IN ARCHITECTURE AND THE BUILT ENVIRONMENT (since 2022, opens in new window)&#8221; font_container=&#8221;tag:h3|text_align:left|color:%231e73be&#8221; google_fonts=&#8221;font_family:Open%20Sans%20Condensed%3A300%2C300italic%2C700|font_style:700%20bold%20regular%3A700%3Anormal&#8221; css=&#8221;&#8221; link=&#8221;url:https%3A%2F%2Flivingatlasofquality.ca%2Fhome%23|target:_blank&#8221;][vc_separator border_width=&#8221;4&#8243;][\/vc_column][\/vc_row][vc_row][vc_column][vc_custom_heading text=&#8221;EDITORIALS OF THE CANADIAN COMPETITIONS CATALOGUE (since 2006, opens in new window)&#8221; font_container=&#8221;tag:h3|text_align:left|color:%231e73be&#8221; google_fonts=&#8221;font_family:Open%20Sans%20Condensed%3A300%2C300italic%2C700|font_style:700%20bold%20regular%3A700%3Anormal&#8221; css=&#8221;&#8221; link=&#8221;url:https%3A%2F%2Fccc.umontreal.ca%2Feditoriaux.php%3Flang%3Den||target:%20_blank|&#8221;][vc_separator border_width=&#8221;4&#8243;][\/vc_column][\/vc_row][vc_row][vc_column][vc_custom_heading text=&#8221;DIRECTORY OF WEBSITES ON COMPETITIONS IN THE WORLD (+100 links, opens in new window)&#8221; font_container=&#8221;tag:h3|text_align:left|color:%231e73be&#8221; google_fonts=&#8221;font_family:Open%20Sans%20Condensed%3A300%2C300italic%2C700|font_style:700%20bold%20regular%3A700%3Anormal&#8221; &#8230; <a title=\"RESSOURCES\" class=\"read-more\" href=\"https:\/\/crc.umontreal.ca\/en\/ressources\/\" aria-label=\"Read more about RESSOURCES\">Read more<\/a><\/p>\n","protected":false},"author":1,"featured_media":0,"parent":0,"menu_order":0,"comment_status":"closed","ping_status":"closed","template":"","meta":{"_acf_changed":false,"footnotes":""},"class_list":["post-3576","page","type-page","status-publish"],"translation":{"provider":"WPGlobus","version":"3.0.2","language":"en","enabled_languages":["fr","en"],"languages":{"fr":{"title":true,"content":true,"excerpt":false},"en":{"title":false,"content":true,"excerpt":false}}},"acf":[],"yoast_head":"<!-- This site is optimized with the Yoast SEO plugin v25.9 - https:\/\/yoast.com\/wordpress\/plugins\/seo\/ -->\n<title>RESSOURCES - CANADA RESEARCH CHAIR IN ARCHITECTURE, COMPETITIONS and QUALITY<\/title>\n<meta name=\"robots\" content=\"index, follow, max-snippet:-1, max-image-preview:large, max-video-preview:-1\" \/>\n<link rel=\"canonical\" href=\"https:\/\/crc.umontreal.ca\/ressources\/\" \/>\n<meta property=\"og:locale\" content=\"en_US\" \/>\n<meta property=\"og:type\" content=\"article\" \/>\n<meta property=\"og:title\" content=\"RESSOURCES - CANADA RESEARCH CHAIR IN ARCHITECTURE, COMPETITIONS and QUALITY\" \/>\n<meta property=\"og:url\" content=\"https:\/\/crc.umontreal.ca\/ressources\/\" \/>\n<meta property=\"og:site_name\" content=\"CANADA RESEARCH CHAIR IN ARCHITECTURE, COMPETITIONS and QUALITY\" \/>\n<meta property=\"article:modified_time\" content=\"2024-05-20T19:11:25+00:00\" \/>\n<meta property=\"og:image\" content=\"http:\/\/crc.umontreal.ca\/wp-content\/uploads\/2016\/05\/CCCFR.jpg\" \/>\n<meta name=\"twitter:card\" content=\"summary_large_image\" \/>\n<meta name=\"twitter:label1\" content=\"Est. reading time\" \/>\n\t<meta name=\"twitter:data1\" content=\"5 minutes\" \/>\n<script type=\"application\/ld+json\" class=\"yoast-schema-graph\">{\"@context\":\"https:\/\/schema.org\",\"@graph\":[{\"@type\":\"WebPage\",\"@id\":\"https:\/\/crc.umontreal.ca\/ressources\/\",\"url\":\"https:\/\/crc.umontreal.ca\/ressources\/\",\"name\":\"RESSOURCES - CANADA RESEARCH CHAIR IN ARCHITECTURE, COMPETITIONS and QUALITY\",\"isPartOf\":{\"@id\":\"https:\/\/crc.umontreal.ca\/#website\"},\"primaryImageOfPage\":{\"@id\":\"https:\/\/crc.umontreal.ca\/ressources\/#primaryimage\"},\"image\":{\"@id\":\"https:\/\/crc.umontreal.ca\/ressources\/#primaryimage\"},\"thumbnailUrl\":\"http:\/\/crc.umontreal.ca\/wp-content\/uploads\/2016\/05\/CCCFR.jpg\",\"datePublished\":\"2016-05-18T20:48:03+00:00\",\"dateModified\":\"2024-05-20T19:11:25+00:00\",\"breadcrumb\":{\"@id\":\"https:\/\/crc.umontreal.ca\/ressources\/#breadcrumb\"},\"inLanguage\":\"en-US\",\"potentialAction\":[{\"@type\":\"ReadAction\",\"target\":[\"https:\/\/crc.umontreal.ca\/ressources\/\"]}]},{\"@type\":\"ImageObject\",\"inLanguage\":\"en-US\",\"@id\":\"https:\/\/crc.umontreal.ca\/ressources\/#primaryimage\",\"url\":\"http:\/\/crc.umontreal.ca\/wp-content\/uploads\/2016\/05\/CCCFR.jpg\",\"contentUrl\":\"http:\/\/crc.umontreal.ca\/wp-content\/uploads\/2016\/05\/CCCFR.jpg\"},{\"@type\":\"BreadcrumbList\",\"@id\":\"https:\/\/crc.umontreal.ca\/ressources\/#breadcrumb\",\"itemListElement\":[{\"@type\":\"ListItem\",\"position\":1,\"name\":\"Accueil\",\"item\":\"https:\/\/crc.umontreal.ca\/\"},{\"@type\":\"ListItem\",\"position\":2,\"name\":\"RESSOURCES\"}]},{\"@type\":\"WebSite\",\"@id\":\"https:\/\/crc.umontreal.ca\/#website\",\"url\":\"https:\/\/crc.umontreal.ca\/\",\"name\":\"%%sitedesc%%\",\"description\":\"&lt;span class=&quot;titre_entete_div&quot;&gt;Canada Research Chair in&lt;\/span&gt;&lt;br&gt;&lt;span class=&quot;titre_entete_div&quot;&gt;Architecture, Competitions and Quality (CRC-ACQUA)&lt;\/span&gt;\",\"publisher\":{\"@id\":\"https:\/\/crc.umontreal.ca\/#organization\"},\"potentialAction\":[{\"@type\":\"SearchAction\",\"target\":{\"@type\":\"EntryPoint\",\"urlTemplate\":\"https:\/\/crc.umontreal.ca\/?s={search_term_string}\"},\"query-input\":{\"@type\":\"PropertyValueSpecification\",\"valueRequired\":true,\"valueName\":\"search_term_string\"}}],\"inLanguage\":\"en-US\"},{\"@type\":\"Organization\",\"@id\":\"https:\/\/crc.umontreal.ca\/#organization\",\"name\":\"%%sitedesc%%\",\"url\":\"https:\/\/crc.umontreal.ca\/\",\"logo\":{\"@type\":\"ImageObject\",\"inLanguage\":\"en-US\",\"@id\":\"https:\/\/crc.umontreal.ca\/#\/schema\/logo\/image\/\",\"url\":\"https:\/\/crc.umontreal.ca\/wp-content\/uploads\/2025\/10\/cropped-CRC_ACQUA.png\",\"contentUrl\":\"https:\/\/crc.umontreal.ca\/wp-content\/uploads\/2025\/10\/cropped-CRC_ACQUA.png\",\"width\":1099,\"height\":1099,\"caption\":\"%%sitedesc%%\"},\"image\":{\"@id\":\"https:\/\/crc.umontreal.ca\/#\/schema\/logo\/image\/\"}}]}<\/script>\n<!-- \/ Yoast SEO plugin. -->","yoast_head_json":{"title":"RESSOURCES - CANADA RESEARCH CHAIR IN ARCHITECTURE, COMPETITIONS and QUALITY","robots":{"index":"index","follow":"follow","max-snippet":"max-snippet:-1","max-image-preview":"max-image-preview:large","max-video-preview":"max-video-preview:-1"},"canonical":"https:\/\/crc.umontreal.ca\/ressources\/","og_locale":"en_US","og_type":"article","og_title":"RESSOURCES - CANADA RESEARCH CHAIR IN ARCHITECTURE, COMPETITIONS and QUALITY","og_url":"https:\/\/crc.umontreal.ca\/ressources\/","og_site_name":"CANADA RESEARCH CHAIR IN ARCHITECTURE, COMPETITIONS and QUALITY","article_modified_time":"2024-05-20T19:11:25+00:00","og_image":[{"url":"http:\/\/crc.umontreal.ca\/wp-content\/uploads\/2016\/05\/CCCFR.jpg","type":"","width":"","height":""}],"twitter_card":"summary_large_image","twitter_misc":{"Est. reading time":"5 minutes"},"schema":{"@context":"https:\/\/schema.org","@graph":[{"@type":"WebPage","@id":"https:\/\/crc.umontreal.ca\/ressources\/","url":"https:\/\/crc.umontreal.ca\/ressources\/","name":"RESSOURCES - CANADA RESEARCH CHAIR IN ARCHITECTURE, COMPETITIONS and QUALITY","isPartOf":{"@id":"https:\/\/crc.umontreal.ca\/#website"},"primaryImageOfPage":{"@id":"https:\/\/crc.umontreal.ca\/ressources\/#primaryimage"},"image":{"@id":"https:\/\/crc.umontreal.ca\/ressources\/#primaryimage"},"thumbnailUrl":"http:\/\/crc.umontreal.ca\/wp-content\/uploads\/2016\/05\/CCCFR.jpg","datePublished":"2016-05-18T20:48:03+00:00","dateModified":"2024-05-20T19:11:25+00:00","breadcrumb":{"@id":"https:\/\/crc.umontreal.ca\/ressources\/#breadcrumb"},"inLanguage":"en-US","potentialAction":[{"@type":"ReadAction","target":["https:\/\/crc.umontreal.ca\/ressources\/"]}]},{"@type":"ImageObject","inLanguage":"en-US","@id":"https:\/\/crc.umontreal.ca\/ressources\/#primaryimage","url":"http:\/\/crc.umontreal.ca\/wp-content\/uploads\/2016\/05\/CCCFR.jpg","contentUrl":"http:\/\/crc.umontreal.ca\/wp-content\/uploads\/2016\/05\/CCCFR.jpg"},{"@type":"BreadcrumbList","@id":"https:\/\/crc.umontreal.ca\/ressources\/#breadcrumb","itemListElement":[{"@type":"ListItem","position":1,"name":"Accueil","item":"https:\/\/crc.umontreal.ca\/"},{"@type":"ListItem","position":2,"name":"RESSOURCES"}]},{"@type":"WebSite","@id":"https:\/\/crc.umontreal.ca\/#website","url":"https:\/\/crc.umontreal.ca\/","name":"%%sitedesc%%","description":"&lt;span class=&quot;titre_entete_div&quot;&gt;Canada Research Chair in&lt;\/span&gt;&lt;br&gt;&lt;span class=&quot;titre_entete_div&quot;&gt;Architecture, Competitions and Quality (CRC-ACQUA)&lt;\/span&gt;","publisher":{"@id":"https:\/\/crc.umontreal.ca\/#organization"},"potentialAction":[{"@type":"SearchAction","target":{"@type":"EntryPoint","urlTemplate":"https:\/\/crc.umontreal.ca\/?s={search_term_string}"},"query-input":{"@type":"PropertyValueSpecification","valueRequired":true,"valueName":"search_term_string"}}],"inLanguage":"en-US"},{"@type":"Organization","@id":"https:\/\/crc.umontreal.ca\/#organization","name":"%%sitedesc%%","url":"https:\/\/crc.umontreal.ca\/","logo":{"@type":"ImageObject","inLanguage":"en-US","@id":"https:\/\/crc.umontreal.ca\/#\/schema\/logo\/image\/","url":"https:\/\/crc.umontreal.ca\/wp-content\/uploads\/2025\/10\/cropped-CRC_ACQUA.png","contentUrl":"https:\/\/crc.umontreal.ca\/wp-content\/uploads\/2025\/10\/cropped-CRC_ACQUA.png","width":1099,"height":1099,"caption":"%%sitedesc%%"},"image":{"@id":"https:\/\/crc.umontreal.ca\/#\/schema\/logo\/image\/"}}]}},"_links":{"self":[{"href":"https:\/\/crc.umontreal.ca\/en\/wp-json\/wp\/v2\/pages\/3576","targetHints":{"allow":["GET"]}}],"collection":[{"href":"https:\/\/crc.umontreal.ca\/en\/wp-json\/wp\/v2\/pages"}],"about":[{"href":"https:\/\/crc.umontreal.ca\/en\/wp-json\/wp\/v2\/types\/page"}],"author":[{"embeddable":true,"href":"https:\/\/crc.umontreal.ca\/en\/wp-json\/wp\/v2\/users\/1"}],"replies":[{"embeddable":true,"href":"https:\/\/crc.umontreal.ca\/en\/wp-json\/wp\/v2\/comments?post=3576"}],"version-history":[{"count":272,"href":"https:\/\/crc.umontreal.ca\/en\/wp-json\/wp\/v2\/pages\/3576\/revisions"}],"predecessor-version":[{"id":26647,"href":"https:\/\/crc.umontreal.ca\/en\/wp-json\/wp\/v2\/pages\/3576\/revisions\/26647"}],"wp:attachment":[{"href":"https:\/\/crc.umontreal.ca\/en\/wp-json\/wp\/v2\/media?parent=3576"}],"curies":[{"name":"wp","href":"https:\/\/api.w.org\/{rel}","templated":true}]}}