	{"id":3671,"date":"2016-05-20T16:42:26","date_gmt":"2016-05-20T16:42:26","guid":{"rendered":"http:\/\/humaneco.ca\/leap\/?page_id=433"},"modified":"2018-08-15T09:15:31","modified_gmt":"2018-08-15T14:15:31","slug":"chercheurs-2","status":"publish","type":"page","link":"https:\/\/crc.umontreal.ca\/en\/chercheurs-2\/","title":{"rendered":"LEAP RESEARCHERS"},"content":{"rendered":"<div class=\"wpb-content-wrapper\"><p>[vc_row][vc_column][vc_custom_heading text=&#8221;LEAP RESEARCHERS&#8221; font_container=&#8221;tag:h3|text_align:left&#8221; google_fonts=&#8221;font_family:Open%20Sans%20Condensed%3A300%2C300italic%2C700|font_style:700%20bold%20regular%3A700%3Anormal&#8221; css=&#8221;.vc_custom_1534342537016{margin-bottom: 50px !important;}&#8221;][vc_column_text]<link href=\"https:\/\/fonts.googleapis.com\/icon?family=Material+Icons\" rel=\"stylesheet\">\n  <style> \n  .image_v {\n  \tfloat: left;\n  \twidth:50% ;\n  }\n  .texte_v {\n  \tfloat: left;\n  \twidth:50% ;\n  }\n  <\/style><div class='masonry' data-masonry='{ \"itemSelector\": \".vignette_membre\", \"columnWidth\": 320, \"fitWidth\": true }'><div class='vignette_membre'><div class='image_h' style='margin:8px;'><a href='https:\/\/crc.umontreal.ca\/en\/chercheur\/jean-pierre-chupin\/'><img loading=\"lazy\" decoding=\"async\" width=\"800\" height=\"1038\" src=\"https:\/\/crc.umontreal.ca\/wp-content\/uploads\/bfi_thumb\/A18V8702-qah0ktq0k0tcy2rb9m2xkxl2fdjgxdusdafxv91yys.jpg\" class=\"attachment-post-thumbnail size-post-thumbnail wp-post-image\" alt=\"\" srcset=\"https:\/\/crc.umontreal.ca\/wp-content\/uploads\/2016\/06\/A18V8702.jpg 800w, https:\/\/crc.umontreal.ca\/wp-content\/uploads\/2016\/06\/A18V8702-231x300.jpg 231w, https:\/\/crc.umontreal.ca\/wp-content\/uploads\/2016\/06\/A18V8702-794x1030.jpg 794w, https:\/\/crc.umontreal.ca\/wp-content\/uploads\/2016\/06\/A18V8702-768x996.jpg 768w, https:\/\/crc.umontreal.ca\/wp-content\/uploads\/2016\/06\/A18V8702-543x705.jpg 543w\" sizes=\"auto, (max-width: 800px) 100vw, 800px\" \/><\/a><\/div><div class='texte_h' style='max-width:286px;padding-left:8px;'><h4 style='margin-bottom:0px;width:100%;text-align:center;'><a style='width:100%;text-align:center;' href='https:\/\/crc.umontreal.ca\/en\/chercheur\/jean-pierre-chupin\/' >Jean-Pierre Chupin<\/a><\/h4><h5 style='margin-bottom:0px;width:100%;text-align:center;padding-bottom:10px;'>Universit\u00e9 de Montr\u00e9al<\/h5><table style='border:0px;margin:0px;'><tr><td style='padding:0px;border:0px;width:25px;'><i style='font-size:14px;margin-top:4px;' class='material-icons'>mail<\/i><\/td><td style='padding:0px;border:0px;vertical-align:top;'><a href='mailto:jean-pierre.chupin@umontreal.ca'>jean-pierre.chupin@umontreal.ca<\/a><\/td><\/tr><\/table><\/div><\/div><div class='vignette_membre'><div class='image_h' style='margin:8px;'><a href='https:\/\/crc.umontreal.ca\/en\/chercheur\/bechara-helal\/'><img loading=\"lazy\" decoding=\"async\" width=\"286\" height=\"286\" src=\"https:\/\/crc.umontreal.ca\/wp-content\/uploads\/bfi_thumb\/pb-n00zc0904wxh5ocgm3d09fkbuitu9vazy5uyroaudg.jpg\" class=\"attachment-post-thumbnail size-post-thumbnail wp-post-image\" alt=\"\" srcset=\"https:\/\/crc.umontreal.ca\/wp-content\/uploads\/2016\/09\/pb.jpg 286w, https:\/\/crc.umontreal.ca\/wp-content\/uploads\/2016\/09\/pb-300x300.jpg 300w, https:\/\/crc.umontreal.ca\/wp-content\/uploads\/2016\/09\/pb-1030x1030.jpg 1030w, https:\/\/crc.umontreal.ca\/wp-content\/uploads\/2016\/09\/pb-80x80.jpg 80w, https:\/\/crc.umontreal.ca\/wp-content\/uploads\/2016\/09\/pb-768x768.jpg 768w, https:\/\/crc.umontreal.ca\/wp-content\/uploads\/2016\/09\/pb-1536x1536.jpg 1536w, https:\/\/crc.umontreal.ca\/wp-content\/uploads\/2016\/09\/pb-2048x2048.jpg 2048w, https:\/\/crc.umontreal.ca\/wp-content\/uploads\/2016\/09\/pb-36x36.jpg 36w, https:\/\/crc.umontreal.ca\/wp-content\/uploads\/2016\/09\/pb-180x180.jpg 180w, https:\/\/crc.umontreal.ca\/wp-content\/uploads\/2016\/09\/pb-1500x1500.jpg 1500w, https:\/\/crc.umontreal.ca\/wp-content\/uploads\/2016\/09\/pb-705x705.jpg 705w, https:\/\/crc.umontreal.ca\/wp-content\/uploads\/2016\/09\/pb-225x225.jpg 225w, https:\/\/crc.umontreal.ca\/wp-content\/uploads\/2016\/09\/pb-135x135.jpg 135w\" sizes=\"auto, (max-width: 286px) 100vw, 286px\" \/><\/a><\/div><div class='texte_h' style='max-width:286px;padding-left:8px;'><h4 style='margin-bottom:0px;width:100%;text-align:center;'><a style='width:100%;text-align:center;' href='https:\/\/crc.umontreal.ca\/en\/chercheur\/bechara-helal\/' >Bechara Helal<\/a><\/h4><h5 style='margin-bottom:0px;width:100%;text-align:center;padding-bottom:10px;'>Universit\u00e9 de Montr\u00e9al<\/h5><div>Honorary  professor<\/div><table style='border:0px;margin:0px;'><tr><td style='padding:0px;border:0px;width:25px;'><i style='font-size:14px;margin-top:4px;' class='material-icons'>school<\/i><\/td><td style='padding:0px;border:0px;vertical-align:top;'>PhD <\/td><\/tr><tr><td style='padding:0px;border:0px;width:25px;'><i style='font-size:14px;margin-top:4px;' class='material-icons'>mail<\/i><\/td><td style='padding:0px;border:0px;vertical-align:top;'><a href='mailto:pierre.boudon@umontreal.ca'>pierre.boudon@umontreal.ca<\/a><\/td><\/tr><tr><td style='padding:0px;border:0px;;width:25px;'><i style='font-size:14px;padding-right:10px;margin-top:4px;' class='material-icons'>person_pin<\/i><\/td><td style='padding:0px;vertical-align:top;border:0px;'>Universit\u00e9 de Montr\u00e9al, Facult\u00e9 de l'Am\u00e9nagement, 2940 Chemin de la C\u00f4te-Sainte-Catherine, Room 2067, Montr\u00e9al, QC, Canada, H3T 1B9<\/td><\/tr><tr><td style='padding:0px;border:0px;;width:25px;'><i style='font-size:14px;padding-right:8px;margin-top:4px;' class='material-icons'>my_location<\/i><\/td><td style='padding:0px;vertical-align:top;border:0px;'>C.P. 6128 Succursale Centre-ville, Montr\u00e9al, QC H3C 3J7<\/td><\/tr><tr><td style='padding:0px;border:0px;width:25px;'><i style='font-size:14px;margin-top:4px;' class='material-icons'>phone<\/i><\/td><td style='padding:0px;border:0px;vertical-align:top;'>514-343-6111 ext. 1095<\/td><\/tr><\/table><\/div><\/div><\/div>[\/vc_column_text][\/vc_column][\/vc_row]<\/p>\n<\/div>","protected":false},"excerpt":{"rendered":"<p>[vc_row][vc_column][vc_custom_heading text=&#8221;LEAP RESEARCHERS&#8221; font_container=&#8221;tag:h3|text_align:left&#8221; google_fonts=&#8221;font_family:Open%20Sans%20Condensed%3A300%2C300italic%2C700|font_style:700%20bold%20regular%3A700%3Anormal&#8221; css=&#8221;.vc_custom_1534342537016{margin-bottom: 50px !important;}&#8221;][vc_column_text][\/vc_column_text][\/vc_column][\/vc_row]<\/p>\n","protected":false},"author":1,"featured_media":0,"parent":0,"menu_order":0,"comment_status":"closed","ping_status":"closed","template":"templates\/page-full.php","meta":{"_acf_changed":false,"footnotes":""},"class_list":["post-3671","page","type-page","status-publish","hentry"],"translation":{"provider":"WPGlobus","version":"3.0.2","language":"en","enabled_languages":["fr","en"],"languages":{"fr":{"title":true,"content":true,"excerpt":false},"en":{"title":true,"content":true,"excerpt":false}}},"acf":[],"yoast_head":"<!-- This site is optimized with the Yoast SEO plugin v25.9 - https:\/\/yoast.com\/wordpress\/plugins\/seo\/ -->\n<title>LEAP RESEARCHERS - CANADA RESEARCH CHAIR IN ARCHITECTURE, COMPETITIONS and QUALITY<\/title>\n<meta name=\"robots\" content=\"index, follow, max-snippet:-1, max-image-preview:large, max-video-preview:-1\" \/>\n<link rel=\"canonical\" href=\"https:\/\/crc.umontreal.ca\/chercheurs-2\/\" \/>\n<meta property=\"og:locale\" content=\"en_US\" \/>\n<meta property=\"og:type\" content=\"article\" \/>\n<meta property=\"og:title\" content=\"LEAP RESEARCHERS - CANADA RESEARCH CHAIR IN ARCHITECTURE, COMPETITIONS and QUALITY\" \/>\n<meta property=\"og:url\" content=\"https:\/\/crc.umontreal.ca\/chercheurs-2\/\" \/>\n<meta property=\"og:site_name\" content=\"CANADA RESEARCH CHAIR IN ARCHITECTURE, COMPETITIONS and QUALITY\" \/>\n<meta property=\"article:modified_time\" content=\"2018-08-15T14:15:31+00:00\" \/>\n<meta name=\"twitter:card\" content=\"summary_large_image\" \/>\n<meta name=\"twitter:label1\" content=\"Est. reading time\" \/>\n\t<meta name=\"twitter:data1\" content=\"1 minute\" \/>\n<script type=\"application\/ld+json\" class=\"yoast-schema-graph\">{\"@context\":\"https:\/\/schema.org\",\"@graph\":[{\"@type\":\"WebPage\",\"@id\":\"https:\/\/crc.umontreal.ca\/chercheurs-2\/\",\"url\":\"https:\/\/crc.umontreal.ca\/chercheurs-2\/\",\"name\":\"LEAP RESEARCHERS - CANADA RESEARCH CHAIR IN ARCHITECTURE, COMPETITIONS and QUALITY\",\"isPartOf\":{\"@id\":\"https:\/\/crc.umontreal.ca\/#website\"},\"datePublished\":\"2016-05-20T16:42:26+00:00\",\"dateModified\":\"2018-08-15T14:15:31+00:00\",\"breadcrumb\":{\"@id\":\"https:\/\/crc.umontreal.ca\/chercheurs-2\/#breadcrumb\"},\"inLanguage\":\"en-US\",\"potentialAction\":[{\"@type\":\"ReadAction\",\"target\":[\"https:\/\/crc.umontreal.ca\/chercheurs-2\/\"]}]},{\"@type\":\"BreadcrumbList\",\"@id\":\"https:\/\/crc.umontreal.ca\/chercheurs-2\/#breadcrumb\",\"itemListElement\":[{\"@type\":\"ListItem\",\"position\":1,\"name\":\"Accueil\",\"item\":\"https:\/\/crc.umontreal.ca\/\"},{\"@type\":\"ListItem\",\"position\":2,\"name\":\"CHERCHEUR(E)S R\u00c9GULIER(E)S du LEAP\"}]},{\"@type\":\"WebSite\",\"@id\":\"https:\/\/crc.umontreal.ca\/#website\",\"url\":\"https:\/\/crc.umontreal.ca\/\",\"name\":\"%%sitedesc%%\",\"description\":\"&lt;span class=&quot;titre_entete_div&quot;&gt;Canada Research Chair in&lt;\/span&gt;&lt;br&gt;&lt;span class=&quot;titre_entete_div&quot;&gt;Architecture, Competitions and Quality (CRC-ACQUA)&lt;\/span&gt;\",\"publisher\":{\"@id\":\"https:\/\/crc.umontreal.ca\/#organization\"},\"potentialAction\":[{\"@type\":\"SearchAction\",\"target\":{\"@type\":\"EntryPoint\",\"urlTemplate\":\"https:\/\/crc.umontreal.ca\/?s={search_term_string}\"},\"query-input\":{\"@type\":\"PropertyValueSpecification\",\"valueRequired\":true,\"valueName\":\"search_term_string\"}}],\"inLanguage\":\"en-US\"},{\"@type\":\"Organization\",\"@id\":\"https:\/\/crc.umontreal.ca\/#organization\",\"name\":\"%%sitedesc%%\",\"url\":\"https:\/\/crc.umontreal.ca\/\",\"logo\":{\"@type\":\"ImageObject\",\"inLanguage\":\"en-US\",\"@id\":\"https:\/\/crc.umontreal.ca\/#\/schema\/logo\/image\/\",\"url\":\"https:\/\/crc.umontreal.ca\/wp-content\/uploads\/2025\/10\/cropped-CRC_ACQUA.png\",\"contentUrl\":\"https:\/\/crc.umontreal.ca\/wp-content\/uploads\/2025\/10\/cropped-CRC_ACQUA.png\",\"width\":1099,\"height\":1099,\"caption\":\"%%sitedesc%%\"},\"image\":{\"@id\":\"https:\/\/crc.umontreal.ca\/#\/schema\/logo\/image\/\"}}]}<\/script>\n<!-- \/ Yoast SEO plugin. -->","yoast_head_json":{"title":"LEAP RESEARCHERS - CANADA RESEARCH CHAIR IN ARCHITECTURE, COMPETITIONS and QUALITY","robots":{"index":"index","follow":"follow","max-snippet":"max-snippet:-1","max-image-preview":"max-image-preview:large","max-video-preview":"max-video-preview:-1"},"canonical":"https:\/\/crc.umontreal.ca\/chercheurs-2\/","og_locale":"en_US","og_type":"article","og_title":"LEAP RESEARCHERS - CANADA RESEARCH CHAIR IN ARCHITECTURE, COMPETITIONS and QUALITY","og_url":"https:\/\/crc.umontreal.ca\/chercheurs-2\/","og_site_name":"CANADA RESEARCH CHAIR IN ARCHITECTURE, COMPETITIONS and QUALITY","article_modified_time":"2018-08-15T14:15:31+00:00","twitter_card":"summary_large_image","twitter_misc":{"Est. reading time":"1 minute"},"schema":{"@context":"https:\/\/schema.org","@graph":[{"@type":"WebPage","@id":"https:\/\/crc.umontreal.ca\/chercheurs-2\/","url":"https:\/\/crc.umontreal.ca\/chercheurs-2\/","name":"LEAP RESEARCHERS - CANADA RESEARCH CHAIR IN ARCHITECTURE, COMPETITIONS and QUALITY","isPartOf":{"@id":"https:\/\/crc.umontreal.ca\/#website"},"datePublished":"2016-05-20T16:42:26+00:00","dateModified":"2018-08-15T14:15:31+00:00","breadcrumb":{"@id":"https:\/\/crc.umontreal.ca\/chercheurs-2\/#breadcrumb"},"inLanguage":"en-US","potentialAction":[{"@type":"ReadAction","target":["https:\/\/crc.umontreal.ca\/chercheurs-2\/"]}]},{"@type":"BreadcrumbList","@id":"https:\/\/crc.umontreal.ca\/chercheurs-2\/#breadcrumb","itemListElement":[{"@type":"ListItem","position":1,"name":"Accueil","item":"https:\/\/crc.umontreal.ca\/"},{"@type":"ListItem","position":2,"name":"CHERCHEUR(E)S R\u00c9GULIER(E)S du LEAP"}]},{"@type":"WebSite","@id":"https:\/\/crc.umontreal.ca\/#website","url":"https:\/\/crc.umontreal.ca\/","name":"%%sitedesc%%","description":"&lt;span class=&quot;titre_entete_div&quot;&gt;Canada Research Chair in&lt;\/span&gt;&lt;br&gt;&lt;span class=&quot;titre_entete_div&quot;&gt;Architecture, Competitions and Quality (CRC-ACQUA)&lt;\/span&gt;","publisher":{"@id":"https:\/\/crc.umontreal.ca\/#organization"},"potentialAction":[{"@type":"SearchAction","target":{"@type":"EntryPoint","urlTemplate":"https:\/\/crc.umontreal.ca\/?s={search_term_string}"},"query-input":{"@type":"PropertyValueSpecification","valueRequired":true,"valueName":"search_term_string"}}],"inLanguage":"en-US"},{"@type":"Organization","@id":"https:\/\/crc.umontreal.ca\/#organization","name":"%%sitedesc%%","url":"https:\/\/crc.umontreal.ca\/","logo":{"@type":"ImageObject","inLanguage":"en-US","@id":"https:\/\/crc.umontreal.ca\/#\/schema\/logo\/image\/","url":"https:\/\/crc.umontreal.ca\/wp-content\/uploads\/2025\/10\/cropped-CRC_ACQUA.png","contentUrl":"https:\/\/crc.umontreal.ca\/wp-content\/uploads\/2025\/10\/cropped-CRC_ACQUA.png","width":1099,"height":1099,"caption":"%%sitedesc%%"},"image":{"@id":"https:\/\/crc.umontreal.ca\/#\/schema\/logo\/image\/"}}]}},"_links":{"self":[{"href":"https:\/\/crc.umontreal.ca\/en\/wp-json\/wp\/v2\/pages\/3671","targetHints":{"allow":["GET"]}}],"collection":[{"href":"https:\/\/crc.umontreal.ca\/en\/wp-json\/wp\/v2\/pages"}],"about":[{"href":"https:\/\/crc.umontreal.ca\/en\/wp-json\/wp\/v2\/types\/page"}],"author":[{"embeddable":true,"href":"https:\/\/crc.umontreal.ca\/en\/wp-json\/wp\/v2\/users\/1"}],"replies":[{"embeddable":true,"href":"https:\/\/crc.umontreal.ca\/en\/wp-json\/wp\/v2\/comments?post=3671"}],"version-history":[{"count":35,"href":"https:\/\/crc.umontreal.ca\/en\/wp-json\/wp\/v2\/pages\/3671\/revisions"}],"predecessor-version":[{"id":19643,"href":"https:\/\/crc.umontreal.ca\/en\/wp-json\/wp\/v2\/pages\/3671\/revisions\/19643"}],"wp:attachment":[{"href":"https:\/\/crc.umontreal.ca\/en\/wp-json\/wp\/v2\/media?parent=3671"}],"curies":[{"name":"wp","href":"https:\/\/api.w.org\/{rel}","templated":true}]}}